{"id":1253,"date":"2020-12-16T00:58:37","date_gmt":"2020-12-15T21:58:37","guid":{"rendered":"http:\/\/petityu.com\/?page_id=1253"},"modified":"2020-12-16T00:59:15","modified_gmt":"2020-12-15T21:59:15","slug":"banka-hesaplarimiz","status":"publish","type":"page","link":"https:\/\/petityu.com\/en\/banka-hesaplarimiz\/","title":{"rendered":"Bank Accounts"},"content":{"rendered":"<div data-midnight=\"dark-title\" class=\"row wpb_row row-fluid\"><div class=\"wpb_column columns medium-12 thb-dark-column small-12\"><div class=\"vc_column-inner\"><div class=\"wpb_wrapper\"><div class=\"vc_empty_space\"   style=\"height: 80px\"><span class=\"vc_empty_space_inner\"><\/span><\/div><div class=\"row wpb_row vc_inner row-fluid row-o-content-middle row-flex\"><div class=\"wpb_column columns medium-6 thb-dark-column small-12\"><div class=\"vc_column-inner\"><div class=\"wpb_wrapper\"><div class=\"caption-style1  aligncenter  thb_image_link wp-caption\"><img decoding=\"async\" width=\"986\" height=\"177\" src=\"https:\/\/petityu.com\/wp-content\/uploads\/2020\/12\/Garanti_BBVA.png\" class=\"thb_image retina_size attachment-full\" alt=\"-\" title=\"Garanti_BBVA\" srcset=\"https:\/\/petityu.com\/wp-content\/uploads\/2020\/12\/Garanti_BBVA.png 986w, https:\/\/petityu.com\/wp-content\/uploads\/2020\/12\/Garanti_BBVA-300x54.png 300w, https:\/\/petityu.com\/wp-content\/uploads\/2020\/12\/Garanti_BBVA-768x138.png 768w, https:\/\/petityu.com\/wp-content\/uploads\/2020\/12\/Garanti_BBVA-16x3.png 16w, https:\/\/petityu.com\/wp-content\/uploads\/2020\/12\/Garanti_BBVA-430x77.png 430w, https:\/\/petityu.com\/wp-content\/uploads\/2020\/12\/Garanti_BBVA-860x154.png 860w, https:\/\/petityu.com\/wp-content\/uploads\/2020\/12\/Garanti_BBVA-800x144.png 800w\" sizes=\"(max-width: 986px) 100vw, 986px\"><\/div><\/div><\/div><\/div><div class=\"wpb_column columns medium-6 thb-dark-column small-12\"><div class=\"vc_column-inner\"><div class=\"wpb_wrapper\">\r\n\t<div class=\"wpb_text_column wpb_content_element\">\r\n\t\t<div class=\"wpb_wrapper\">\r\n\t\t\t<h3>Banka ad\u0131: <strong>Garanti BBVA<\/strong><\/h3>\n<h3>Hesap ad\u0131: <strong>Beg\u00fcm Akyaz\u0131c\u0131<\/strong><\/h3>\n<h3>\u015eube kodu: <strong>741<\/strong> (Barbaros bulvar\u0131 \u015fubesi)<\/h3>\n<h3>Hesap No: <strong>6696770<\/strong><\/h3>\n<h3>IBAN: <strong>TR020006200074100006696770<\/strong><\/h3>\n\r\n\t\t<\/div>\r\n\t<\/div>\r\n<\/div><\/div><\/div><\/div><\/div><\/div><\/div><\/div>","protected":false},"excerpt":{"rendered":"Banka ad\u0131: Garanti BBVA Hesap ad\u0131: Beg\u00fcm Akyaz\u0131c\u0131 \u015eube kodu: 741 (Barbaros bulvar\u0131 \u015fubesi) Hesap No: 6696770 IBAN: TR020006200074100006696770","protected":false},"author":1,"featured_media":0,"parent":0,"menu_order":0,"comment_status":"closed","ping_status":"closed","template":"","meta":{"footnotes":""},"class_list":["post-1253","page","type-page","status-publish","hentry"],"_links":{"self":[{"href":"https:\/\/petityu.com\/en\/wp-json\/wp\/v2\/pages\/1253","targetHints":{"allow":["GET"]}}],"collection":[{"href":"https:\/\/petityu.com\/en\/wp-json\/wp\/v2\/pages"}],"about":[{"href":"https:\/\/petityu.com\/en\/wp-json\/wp\/v2\/types\/page"}],"author":[{"embeddable":true,"href":"https:\/\/petityu.com\/en\/wp-json\/wp\/v2\/users\/1"}],"replies":[{"embeddable":true,"href":"https:\/\/petityu.com\/en\/wp-json\/wp\/v2\/comments?post=1253"}],"version-history":[{"count":0,"href":"https:\/\/petityu.com\/en\/wp-json\/wp\/v2\/pages\/1253\/revisions"}],"wp:attachment":[{"href":"https:\/\/petityu.com\/en\/wp-json\/wp\/v2\/media?parent=1253"}],"curies":[{"name":"wp","href":"https:\/\/api.w.org\/{rel}","templated":true}]}}