{"id":225,"date":"2017-08-24T18:03:55","date_gmt":"2017-08-24T15:03:55","guid":{"rendered":"https:\/\/newnorth.fuelthemes.net\/north-jewellery\/?page_id=225"},"modified":"2020-12-10T12:51:15","modified_gmt":"2020-12-10T09:51:15","slug":"hakkimizda","status":"publish","type":"page","link":"https:\/\/petityu.com\/en\/hakkimizda\/","title":{"rendered":"About Us"},"content":{"rendered":"<div data-midnight=\"dark-title\" class=\"row wpb_row row-fluid full-width-row row-o-content-middle row-flex\"><div class=\"wpb_column columns medium-7 thb-dark-column small-12\"><div class=\"vc_column-inner vc_custom_1607593868747\"><div class=\"wpb_wrapper\"><div class=\"caption-style1 animation left-to-right alignright  thb_image_link wp-caption\"><img loading=\"lazy\" decoding=\"async\" width=\"512\" height=\"512\" src=\"https:\/\/petityu.com\/wp-content\/uploads\/2020\/11\/petityu.com-favicon.png\" class=\"thb_image  attachment-full\" alt=\"-\" title=\"petityu.com-favicon\" srcset=\"https:\/\/petityu.com\/wp-content\/uploads\/2020\/11\/petityu.com-favicon.png 512w, https:\/\/petityu.com\/wp-content\/uploads\/2020\/11\/petityu.com-favicon-100x100.png 100w, https:\/\/petityu.com\/wp-content\/uploads\/2020\/11\/petityu.com-favicon-300x300.png 300w, https:\/\/petityu.com\/wp-content\/uploads\/2020\/11\/petityu.com-favicon-150x150.png 150w, https:\/\/petityu.com\/wp-content\/uploads\/2020\/11\/petityu.com-favicon-430x430.png 430w\" sizes=\"auto, (max-width: 512px) 100vw, 512px\"><\/div><\/div><\/div><\/div><div class=\"wpb_column columns medium-5 thb-dark-column small-12\"><div class=\"vc_column-inner vc_custom_1503597833255\"><div class=\"wpb_wrapper\">\r\n\t<div class=\"wpb_text_column wpb_content_element animation fade-in\">\r\n\t\t<div class=\"wpb_wrapper\">\r\n\t\t\t<h2>About Petityu<\/h2>\n\r\n\t\t<\/div>\r\n\t<\/div>\r\n<div class=\"vc_empty_space\"   style=\"height: 45px\"><span class=\"vc_empty_space_inner\"><\/span><\/div>\r\n\t<div class=\"wpb_text_column wpb_content_element animation fade-in\">\r\n\t\t<div class=\"wpb_wrapper\">\r\n\t\t\t<p style=\"font-size: 20px;\">I am one of those who are happy when they see balloons. And you? I always love to watch cartoons, I can never say no to colorful candies, I still keep my toys, I can't get enough of looking at the rainbow when it comes out, and just like Mary Poppins I have to worry about animals. In short, I try not to miss the small joys that come before me every day. When I talked about school, work, marriage and later motherhood, I became a hectic, loving and patient woman. I never lost my child soul.<\/p>\n\r\n\t\t<\/div>\r\n\t<\/div>\r\n<div class=\"vc_empty_space\"   style=\"height: 45px\"><span class=\"vc_empty_space_inner\"><\/span><\/div>\r\n\t<div class=\"wpb_text_column wpb_content_element animation fade-in  small-text\">\r\n\t\t<div class=\"wpb_wrapper\">\r\n\t\t\t<p><strong>Working Hours<\/strong><\/p>\n<p>Mon - Sat 09:00 \u2013 17:00 (UTC +3)<\/p>\n\r\n\t\t<\/div>\r\n\t<\/div>\r\n<\/div><\/div><\/div><\/div><div data-midnight=\"dark-title\" class=\"row wpb_row row-fluid align-spaced vc_custom_1503598254882\"><div class=\"wpb_column columns medium-10 thb-dark-column small-12\"><div class=\"vc_column-inner\"><div class=\"wpb_wrapper\">\r\n\t<div class=\"wpb_text_column wpb_content_element\">\r\n\t\t<div class=\"wpb_wrapper\">\r\n\t\t\t<p>For more than 10 years, I worked as a brands and marketing director in Bilsar, one of the dynamic and innovative names of the fashion world. I have always done my job very fondly at Bilsar, which is the creator and \/ or distributor of Bil\u2019s, Bilstore, Fred Perry, Dr. Martens, An Original Penguin, Bilsart and many other brands and supports art and artists. Since it is both my job and my field of interest, I have always closely followed developments in accessories, especially. When I decided to establish my own brand, I set out with the idea of creating an accessory brand that would add functionality and color to our lives.<\/p>\n\r\n\t\t<\/div>\r\n\t<\/div>\r\n<\/div><\/div><\/div><\/div><div data-midnight=\"dark-title\" class=\"row wpb_row row-fluid align-center row-o-content-middle row-flex\"><div class=\"wpb_column columns medium-6 thb-dark-column small-12\"><div class=\"vc_column-inner\"><div class=\"wpb_wrapper\">\r\n\t<div class=\"wpb_text_column wpb_content_element   vc_custom_1607593230432\">\r\n\t\t<div class=\"wpb_wrapper\">\r\n\t\t\t<p>Who knows how to enjoy life alone or with friends; who devotes time to his dreams every day, even for a moment who prefer nature to screenshot; I designed the Petityu brand considering everyone who does not forget that the most important value is in the family.<\/p>\n\r\n\t\t<\/div>\r\n\t<\/div>\r\n<div class=\"vc_empty_space\"   style=\"height: 35px\"><span class=\"vc_empty_space_inner\"><\/span><\/div>\r\n\t<div class=\"wpb_text_column wpb_content_element animation fade-in  vc_custom_1607593246091\">\r\n\t\t<div class=\"wpb_wrapper\">\r\n\t\t\t<p>We have not forgotten women, men, children and even four paws. In addition to our own designed accessories, we are excited to collaborate with artists and other brands. I believe that the Petityu effect will spread and this energy will surround you. Thanks to Petityu, we become a big family!<\/p>\n\r\n\t\t<\/div>\r\n\t<\/div>\r\n<div class=\"vc_empty_space\"   style=\"height: 35px\"><span class=\"vc_empty_space_inner\"><\/span><\/div><\/div><\/div><\/div><div class=\"wpb_column columns medium-5 thb-dark-column small-12\"><div class=\"vc_column-inner\"><div class=\"wpb_wrapper\"><div class=\"caption-style1 animation fade-in alignleft  thb_image_link wp-caption\"><\/div>\r\n\t<div class=\"wpb_text_column wpb_content_element   vc_custom_1607593834614\">\r\n\t\t<div class=\"wpb_wrapper\">\r\n\t\t\t<h2><\/h2>\n<h2 style=\"text-align: center;\">Did you miss?<\/h2>\n<p>&nbsp;<\/p>\n<p style=\"text-align: center;\"><a style=\"font-weight: 600; font-size: 12px;\" href=\"http:\/\/petityu.com\/en\/iletisim\/\">CONTACT US \u2192<\/a><\/p>\n\r\n\t\t<\/div>\r\n\t<\/div>\r\n<\/div><\/div><\/div><\/div>","protected":false},"excerpt":{"rendered":"Petityu Hakk\u0131nda Ben balon g\u00f6r\u00fcnce mutlu olanlardan\u0131m. Ya siz? \u00c7izgi film seyretmeyi oldum olas\u0131 severim, renkli \u015fekerlemelere asla hay\u0131r diyemem, oyuncaklar\u0131m\u0131 h\u00e2l\u00e2 sakl\u0131yorum, g\u00f6kku\u015fa\u011f\u0131 \u00e7\u0131k\u0131nca&hellip;","protected":false},"author":1,"featured_media":0,"parent":0,"menu_order":0,"comment_status":"closed","ping_status":"closed","template":"","meta":{"footnotes":""},"class_list":["post-225","page","type-page","status-publish","hentry"],"_links":{"self":[{"href":"https:\/\/petityu.com\/en\/wp-json\/wp\/v2\/pages\/225","targetHints":{"allow":["GET"]}}],"collection":[{"href":"https:\/\/petityu.com\/en\/wp-json\/wp\/v2\/pages"}],"about":[{"href":"https:\/\/petityu.com\/en\/wp-json\/wp\/v2\/types\/page"}],"author":[{"embeddable":true,"href":"https:\/\/petityu.com\/en\/wp-json\/wp\/v2\/users\/1"}],"replies":[{"embeddable":true,"href":"https:\/\/petityu.com\/en\/wp-json\/wp\/v2\/comments?post=225"}],"version-history":[{"count":0,"href":"https:\/\/petityu.com\/en\/wp-json\/wp\/v2\/pages\/225\/revisions"}],"wp:attachment":[{"href":"https:\/\/petityu.com\/en\/wp-json\/wp\/v2\/media?parent=225"}],"curies":[{"name":"wp","href":"https:\/\/api.w.org\/{rel}","templated":true}]}}