{"id":5705,"date":"2024-09-19T14:37:59","date_gmt":"2024-09-19T11:37:59","guid":{"rendered":"https:\/\/petityu.com\/sevimli-ilkokul-ortaokul-buyuk-sirt-cantasi-kawaii-sirt-cantasi-mor-sevimli-sirt-cantasi\/"},"modified":"2025-11-24T15:26:27","modified_gmt":"2025-11-24T12:26:27","slug":"sevimli-ilkokul-ortaokul-buyuk-sirt-cantasi-kawaii-sirt-cantasi-mor-sevimli-sirt-cantasi","status":"publish","type":"product","link":"https:\/\/petityu.com\/en\/sevimli-ilkokul-ortaokul-buyuk-sirt-cantasi-kawaii-sirt-cantasi-mor-sevimli-sirt-cantasi\/","title":{"rendered":"Sevimli \u0130lkokul Ortaokul B\u00fcy\u00fck S\u0131rt \u00c7antas\u0131 Kawaii S\u0131rt \u00c7antas\u0131 Mor Sevimli S\u0131rt \u00c7antas\u0131"},"content":{"rendered":"<div ><br \/>\n<ul><br \/>\n<li>B\u00fcy\u00fck k\u0131z \u00e7ocuk s\u0131rt \u00e7antas\u0131 <br><\/li><br \/>\n<li>Kawaii desenli s\u0131rt \u00e7antas\u0131 <br><\/li><br \/>\n<li>ilkokul k\u0131z \u00e7ocuk s\u0131rt \u00e7antas\u0131 <br><\/li><br \/>\n<li>ortaokul k\u0131z \u00e7anta <br><\/li><\/ul><br \/>\n<div><br><\/div><\/div>","protected":false},"excerpt":{"rendered":"<p>B\u00fcy\u00fck k\u0131z \u00e7ocuk s\u0131rt \u00e7antas\u0131 Kawaii desenli s\u0131rt \u00e7antas\u0131 ilkokul k\u0131z \u00e7ocuk s\u0131rt \u00e7antas\u0131 ortaokul k\u0131z \u00e7anta<\/p>","protected":false},"featured_media":5704,"template":"","meta":[],"product_brand":[],"product_cat":[15,909,935],"product_tag":[],"class_list":{"0":"post-5705","1":"product","2":"type-product","3":"status-publish","4":"has-post-thumbnail","6":"product_cat-genel","7":"product_cat-cantaa","8":"product_cat-kizcocuk","10":"first","11":"instock","12":"taxable","13":"shipping-taxable","14":"purchasable","15":"product-type-simple"},"_links":{"self":[{"href":"https:\/\/petityu.com\/en\/wp-json\/wp\/v2\/product\/5705","targetHints":{"allow":["GET"]}}],"collection":[{"href":"https:\/\/petityu.com\/en\/wp-json\/wp\/v2\/product"}],"about":[{"href":"https:\/\/petityu.com\/en\/wp-json\/wp\/v2\/types\/product"}],"wp:featuredmedia":[{"embeddable":true,"href":"https:\/\/petityu.com\/en\/wp-json\/wp\/v2\/media\/5704"}],"wp:attachment":[{"href":"https:\/\/petityu.com\/en\/wp-json\/wp\/v2\/media?parent=5705"}],"wp:term":[{"taxonomy":"product_brand","embeddable":true,"href":"https:\/\/petityu.com\/en\/wp-json\/wp\/v2\/product_brand?post=5705"},{"taxonomy":"product_cat","embeddable":true,"href":"https:\/\/petityu.com\/en\/wp-json\/wp\/v2\/product_cat?post=5705"},{"taxonomy":"product_tag","embeddable":true,"href":"https:\/\/petityu.com\/en\/wp-json\/wp\/v2\/product_tag?post=5705"}],"curies":[{"name":"wp","href":"https:\/\/api.w.org\/{rel}","templated":true}]}}