{"id":5707,"date":"2024-09-19T14:38:09","date_gmt":"2024-09-19T11:38:09","guid":{"rendered":"https:\/\/petityu.com\/kaydirmaz-kislik-ev-patigi-corap-patik-21-23-1-2-yas-mavi\/"},"modified":"2026-04-09T16:10:48","modified_gmt":"2026-04-09T13:10:48","slug":"kaydirmaz-kislik-ev-patigi-corap-patik-21-23-1-2-yas-mavi","status":"publish","type":"product","link":"https:\/\/petityu.com\/en\/kaydirmaz-kislik-ev-patigi-corap-patik-21-23-1-2-yas-mavi\/","title":{"rendered":"Petityu Kayd\u0131rmaz K\u0131\u015fl\u0131k Ev Pati\u011fi &#8211; Mavi \u00c7orap Patik 22-23 (1-2 Ya\u015f)"},"content":{"rendered":"<p>sicacik tutar<\/p>","protected":false},"excerpt":{"rendered":"<p>sicacik tutar<\/p>","protected":false},"featured_media":5706,"template":"","meta":[],"product_brand":[],"product_cat":[15,936,994],"product_tag":[],"class_list":{"0":"post-5707","1":"product","2":"type-product","3":"status-publish","4":"has-post-thumbnail","6":"product_cat-genel","7":"product_cat-erkekcocuk","8":"product_cat-patik-terlik-okul-evpanduf","10":"first","11":"instock","12":"taxable","13":"shipping-taxable","14":"purchasable","15":"product-type-simple"},"_links":{"self":[{"href":"https:\/\/petityu.com\/en\/wp-json\/wp\/v2\/product\/5707","targetHints":{"allow":["GET"]}}],"collection":[{"href":"https:\/\/petityu.com\/en\/wp-json\/wp\/v2\/product"}],"about":[{"href":"https:\/\/petityu.com\/en\/wp-json\/wp\/v2\/types\/product"}],"wp:featuredmedia":[{"embeddable":true,"href":"https:\/\/petityu.com\/en\/wp-json\/wp\/v2\/media\/5706"}],"wp:attachment":[{"href":"https:\/\/petityu.com\/en\/wp-json\/wp\/v2\/media?parent=5707"}],"wp:term":[{"taxonomy":"product_brand","embeddable":true,"href":"https:\/\/petityu.com\/en\/wp-json\/wp\/v2\/product_brand?post=5707"},{"taxonomy":"product_cat","embeddable":true,"href":"https:\/\/petityu.com\/en\/wp-json\/wp\/v2\/product_cat?post=5707"},{"taxonomy":"product_tag","embeddable":true,"href":"https:\/\/petityu.com\/en\/wp-json\/wp\/v2\/product_tag?post=5707"}],"curies":[{"name":"wp","href":"https:\/\/api.w.org\/{rel}","templated":true}]}}