{"id":5709,"date":"2024-09-19T14:38:18","date_gmt":"2024-09-19T11:38:18","guid":{"rendered":"https:\/\/petityu.com\/kaydirmaz-kislik-ev-patigi-corap-patik-22-23-1-2-yas-yesil\/"},"modified":"2026-03-29T21:34:26","modified_gmt":"2026-03-29T18:34:26","slug":"kaydirmaz-kislik-ev-patigi-corap-patik-22-23-1-2-yas-yesil","status":"publish","type":"product","link":"https:\/\/petityu.com\/en\/kaydirmaz-kislik-ev-patigi-corap-patik-22-23-1-2-yas-yesil\/","title":{"rendered":"Kayd\u0131rmaz K\u0131\u015fl\u0131k Ev Pati\u011fi &#8211; Corap Patik 22-23 (1-2 Yas) Yesil"},"content":{"rendered":"<p><p>Kayd\u0131rmaz k\u0131\u015fl\u0131k ev pati\u011fi<\/p><br \/>\n<p>Ye\u015fil renk<\/p><br \/>\n<p>1-2 ya\u015f<\/p><\/p>","protected":false},"excerpt":{"rendered":"<p>Kayd\u0131rmaz k\u0131\u015fl\u0131k ev pati\u011fi Ye\u015fil renk 1-2 ya\u015f<\/p>","protected":false},"featured_media":5708,"template":"","meta":[],"product_brand":[],"product_cat":[15,936,994],"product_tag":[],"class_list":{"0":"post-5709","1":"product","2":"type-product","3":"status-publish","4":"has-post-thumbnail","6":"product_cat-genel","7":"product_cat-erkekcocuk","8":"product_cat-patik-terlik-okul-evpanduf","10":"first","11":"instock","12":"taxable","13":"shipping-taxable","14":"purchasable","15":"product-type-simple"},"_links":{"self":[{"href":"https:\/\/petityu.com\/en\/wp-json\/wp\/v2\/product\/5709","targetHints":{"allow":["GET"]}}],"collection":[{"href":"https:\/\/petityu.com\/en\/wp-json\/wp\/v2\/product"}],"about":[{"href":"https:\/\/petityu.com\/en\/wp-json\/wp\/v2\/types\/product"}],"wp:featuredmedia":[{"embeddable":true,"href":"https:\/\/petityu.com\/en\/wp-json\/wp\/v2\/media\/5708"}],"wp:attachment":[{"href":"https:\/\/petityu.com\/en\/wp-json\/wp\/v2\/media?parent=5709"}],"wp:term":[{"taxonomy":"product_brand","embeddable":true,"href":"https:\/\/petityu.com\/en\/wp-json\/wp\/v2\/product_brand?post=5709"},{"taxonomy":"product_cat","embeddable":true,"href":"https:\/\/petityu.com\/en\/wp-json\/wp\/v2\/product_cat?post=5709"},{"taxonomy":"product_tag","embeddable":true,"href":"https:\/\/petityu.com\/en\/wp-json\/wp\/v2\/product_tag?post=5709"}],"curies":[{"name":"wp","href":"https:\/\/api.w.org\/{rel}","templated":true}]}}