{"id":5717,"date":"2024-09-19T14:39:06","date_gmt":"2024-09-19T11:39:06","guid":{"rendered":"https:\/\/petityu.com\/tutu-parlak-lacivert-kiz-cocuk-sirin-kat-kat-elbise-dogum-gunu-elbisesi\/"},"modified":"2026-03-01T08:26:09","modified_gmt":"2026-03-01T05:26:09","slug":"tutu-parlak-lacivert-kiz-cocuk-sirin-kat-kat-elbise-dogum-gunu-elbisesi","status":"publish","type":"product","link":"https:\/\/petityu.com\/en\/tutu-parlak-lacivert-kiz-cocuk-sirin-kat-kat-elbise-dogum-gunu-elbisesi\/","title":{"rendered":"Petityu Tutu Parlak Lacivert K\u0131z \u00c7ocuk \u015eirin Kat Kat Elbise Do\u011fum G\u00fcn\u00fc Elbisesi"},"content":{"rendered":"<p><p>Parlak lacivert rengiyle dikkat &ccedil;eken, \u015firin kat kat tasar\u0131m\u0131yla &ccedil;ocuklar\u0131n be\u011fenisini kazanan mini elbise, do\u011fum g&uuml;n&uuml; partileri veya &ouml;zel g&uuml;nler i&ccedil;in m&uuml;kemmel bir se&ccedil;imdir.; Dokuma kuma\u015f\u0131 sayesinde yumu\u015fak dokusuyla cildi rahats\u0131z etmeden rahat bir kullan\u0131m sunar.; D&uuml;z deseniyle sade ve \u015f\u0131k bir g&ouml;r&uuml;n&uuml;m sergilerken, her t&uuml;rl&uuml; aksesuarla kolayca kombinlenebilir.; Regular kal\u0131b\u0131 sayesinde &ccedil;ocu\u011funuzun rahat&ccedil;a hareket etmesini sa\u011flar ve g&uuml;n boyu konforlu bir deneyim sunar.; &Ccedil;ocuklar i&ccedil;in &ouml;zel olarak tasarlanan bu elbise, onlar\u0131n enerjik ve ne\u015feli ruhunu yans\u0131tan canl\u0131 renklerle doludur.;<\/p><\/p>","protected":false},"excerpt":{"rendered":"<p>Parlak lacivert rengiyle dikkat &ccedil;eken, \u015firin kat kat tasar\u0131m\u0131yla &ccedil;ocuklar\u0131n be\u011fenisini kazanan mini elbise, do\u011fum g&uuml;n&uuml; partileri veya &ouml;zel g&uuml;nler i&ccedil;in m&uuml;kemmel bir se&ccedil;imdir.; Dokuma&hellip;<\/p>","protected":false},"featured_media":5714,"template":"","meta":[],"product_brand":[],"product_cat":[972,15,935],"product_tag":[],"class_list":{"0":"post-5717","1":"product","2":"type-product","3":"status-publish","4":"has-post-thumbnail","6":"product_cat-elbise","7":"product_cat-genel","8":"product_cat-kizcocuk","10":"first","11":"instock","12":"taxable","13":"shipping-taxable","14":"purchasable","15":"product-type-variable"},"_links":{"self":[{"href":"https:\/\/petityu.com\/en\/wp-json\/wp\/v2\/product\/5717","targetHints":{"allow":["GET"]}}],"collection":[{"href":"https:\/\/petityu.com\/en\/wp-json\/wp\/v2\/product"}],"about":[{"href":"https:\/\/petityu.com\/en\/wp-json\/wp\/v2\/types\/product"}],"wp:featuredmedia":[{"embeddable":true,"href":"https:\/\/petityu.com\/en\/wp-json\/wp\/v2\/media\/5714"}],"wp:attachment":[{"href":"https:\/\/petityu.com\/en\/wp-json\/wp\/v2\/media?parent=5717"}],"wp:term":[{"taxonomy":"product_brand","embeddable":true,"href":"https:\/\/petityu.com\/en\/wp-json\/wp\/v2\/product_brand?post=5717"},{"taxonomy":"product_cat","embeddable":true,"href":"https:\/\/petityu.com\/en\/wp-json\/wp\/v2\/product_cat?post=5717"},{"taxonomy":"product_tag","embeddable":true,"href":"https:\/\/petityu.com\/en\/wp-json\/wp\/v2\/product_tag?post=5717"}],"curies":[{"name":"wp","href":"https:\/\/api.w.org\/{rel}","templated":true}]}}