{"id":5722,"date":"2024-09-19T14:39:28","date_gmt":"2024-09-19T11:39:28","guid":{"rendered":"https:\/\/petityu.com\/pokemon-pikachu-buyuk-kapasiteli-cift-fermuarli-3d-sert-kapakli-kalem-kutusu\/"},"modified":"2026-04-14T12:51:14","modified_gmt":"2026-04-14T09:51:14","slug":"pokemon-pikachu-buyuk-kapasiteli-cift-fermuarli-3d-sert-kapakli-kalem-kutusu","status":"publish","type":"product","link":"https:\/\/petityu.com\/en\/pokemon-pikachu-buyuk-kapasiteli-cift-fermuarli-3d-sert-kapakli-kalem-kutusu\/","title":{"rendered":"Pokemon Pikachu B\u00fcy\u00fck Kapasiteli \u00c7ift Fermuarl\u0131 3D Sert Kapakl\u0131 Kalem Kutusu"},"content":{"rendered":"<div ><ul><li>\u00c7ift Fermuarl\u0131 <br><\/li><li>3D <br><\/li><li>Hardcase <br><\/li><li>Geni\u015f kapasiteli <br><\/li><li>Pokemon kalem kutusu<\/li><\/ul><div><br><\/div><\/div>","protected":false},"excerpt":{"rendered":"<p>\u00c7ift Fermuarl\u0131 3D Hardcase Geni\u015f kapasiteli Pokemon kalem kutusu<\/p>","protected":false},"featured_media":5721,"template":"","meta":[],"product_brand":[],"product_cat":[15,936,999],"product_tag":[],"class_list":{"0":"post-5722","1":"product","2":"type-product","3":"status-publish","4":"has-post-thumbnail","6":"product_cat-genel","7":"product_cat-erkekcocuk","8":"product_cat-kalem-kutusu-erkekcocuk","10":"first","11":"instock","12":"taxable","13":"shipping-taxable","14":"purchasable","15":"product-type-simple"},"_links":{"self":[{"href":"https:\/\/petityu.com\/en\/wp-json\/wp\/v2\/product\/5722","targetHints":{"allow":["GET"]}}],"collection":[{"href":"https:\/\/petityu.com\/en\/wp-json\/wp\/v2\/product"}],"about":[{"href":"https:\/\/petityu.com\/en\/wp-json\/wp\/v2\/types\/product"}],"wp:featuredmedia":[{"embeddable":true,"href":"https:\/\/petityu.com\/en\/wp-json\/wp\/v2\/media\/5721"}],"wp:attachment":[{"href":"https:\/\/petityu.com\/en\/wp-json\/wp\/v2\/media?parent=5722"}],"wp:term":[{"taxonomy":"product_brand","embeddable":true,"href":"https:\/\/petityu.com\/en\/wp-json\/wp\/v2\/product_brand?post=5722"},{"taxonomy":"product_cat","embeddable":true,"href":"https:\/\/petityu.com\/en\/wp-json\/wp\/v2\/product_cat?post=5722"},{"taxonomy":"product_tag","embeddable":true,"href":"https:\/\/petityu.com\/en\/wp-json\/wp\/v2\/product_tag?post=5722"}],"curies":[{"name":"wp","href":"https:\/\/api.w.org\/{rel}","templated":true}]}}