{"id":5726,"date":"2024-09-19T14:39:48","date_gmt":"2024-09-19T11:39:48","guid":{"rendered":"https:\/\/petityu.com\/mavi-smiggle-anaokulu-cantasi-arabali-anaokul-canta-minik\/"},"modified":"2025-10-24T16:17:27","modified_gmt":"2025-10-24T13:17:27","slug":"mavi-smiggle-anaokulu-cantasi-arabali-anaokul-canta-minik","status":"publish","type":"product","link":"https:\/\/petityu.com\/en\/mavi-smiggle-anaokulu-cantasi-arabali-anaokul-canta-minik\/","title":{"rendered":"Mavi Smiggle Anaokulu \u00c7antas\u0131 Arabal\u0131 Anaokul \u00c7anta Minik"},"content":{"rendered":"<p><p>minik anaokulu \u00e7antas\u0131 \u015firin Smiggle s\u0131rt \u00e7antas\u0131 mavi arabal\u0131 s\u0131rt \u00e7antas\u0131<\/p><\/p>","protected":false},"excerpt":{"rendered":"<p>minik anaokulu \u00e7antas\u0131 \u015firin Smiggle s\u0131rt \u00e7antas\u0131 mavi arabal\u0131 s\u0131rt \u00e7antas\u0131<\/p>","protected":false},"featured_media":5723,"template":"","meta":[],"product_brand":[],"product_cat":[998,936,15],"product_tag":[],"class_list":{"0":"post-5726","1":"product","2":"type-product","3":"status-publish","4":"has-post-thumbnail","6":"product_cat-canta","7":"product_cat-erkekcocuk","8":"product_cat-genel","10":"first","11":"instock","12":"taxable","13":"shipping-taxable","14":"purchasable","15":"product-type-simple"},"_links":{"self":[{"href":"https:\/\/petityu.com\/en\/wp-json\/wp\/v2\/product\/5726","targetHints":{"allow":["GET"]}}],"collection":[{"href":"https:\/\/petityu.com\/en\/wp-json\/wp\/v2\/product"}],"about":[{"href":"https:\/\/petityu.com\/en\/wp-json\/wp\/v2\/types\/product"}],"wp:featuredmedia":[{"embeddable":true,"href":"https:\/\/petityu.com\/en\/wp-json\/wp\/v2\/media\/5723"}],"wp:attachment":[{"href":"https:\/\/petityu.com\/en\/wp-json\/wp\/v2\/media?parent=5726"}],"wp:term":[{"taxonomy":"product_brand","embeddable":true,"href":"https:\/\/petityu.com\/en\/wp-json\/wp\/v2\/product_brand?post=5726"},{"taxonomy":"product_cat","embeddable":true,"href":"https:\/\/petityu.com\/en\/wp-json\/wp\/v2\/product_cat?post=5726"},{"taxonomy":"product_tag","embeddable":true,"href":"https:\/\/petityu.com\/en\/wp-json\/wp\/v2\/product_tag?post=5726"}],"curies":[{"name":"wp","href":"https:\/\/api.w.org\/{rel}","templated":true}]}}