{"id":5728,"date":"2024-09-19T14:39:57","date_gmt":"2024-09-19T11:39:57","guid":{"rendered":"https:\/\/petityu.com\/kuromi-600ml-suluk-kiz-cocuk-su-matarasi\/"},"modified":"2025-08-21T14:25:32","modified_gmt":"2025-08-21T11:25:32","slug":"kuromi-600ml-suluk-kiz-cocuk-su-matarasi","status":"publish","type":"product","link":"https:\/\/petityu.com\/en\/kuromi-600ml-suluk-kiz-cocuk-su-matarasi\/","title":{"rendered":"Kuromi 600ml Suluk K\u0131z \u00c7ocuk Su Mataras\u0131"},"content":{"rendered":"<div ><br \/>\n<ul><br \/>\n<li>600ml \u015firin su mataras\u0131 <br><\/li><br \/>\n<li>Kuromi su mataras\u0131<\/li><\/ul><br \/>\n<div><br><\/div><\/div>","protected":false},"excerpt":{"rendered":"<p>600ml \u015firin su mataras\u0131 Kuromi su mataras\u0131<\/p>","protected":false},"featured_media":5727,"template":"","meta":[],"product_brand":[],"product_cat":[15,935,982],"product_tag":[],"class_list":{"0":"post-5728","1":"product","2":"type-product","3":"status-publish","4":"has-post-thumbnail","6":"product_cat-genel","7":"product_cat-kizcocuk","8":"product_cat-matara-termos-suluk","10":"first","11":"outofstock","12":"taxable","13":"shipping-taxable","14":"purchasable","15":"product-type-simple"},"_links":{"self":[{"href":"https:\/\/petityu.com\/en\/wp-json\/wp\/v2\/product\/5728","targetHints":{"allow":["GET"]}}],"collection":[{"href":"https:\/\/petityu.com\/en\/wp-json\/wp\/v2\/product"}],"about":[{"href":"https:\/\/petityu.com\/en\/wp-json\/wp\/v2\/types\/product"}],"wp:featuredmedia":[{"embeddable":true,"href":"https:\/\/petityu.com\/en\/wp-json\/wp\/v2\/media\/5727"}],"wp:attachment":[{"href":"https:\/\/petityu.com\/en\/wp-json\/wp\/v2\/media?parent=5728"}],"wp:term":[{"taxonomy":"product_brand","embeddable":true,"href":"https:\/\/petityu.com\/en\/wp-json\/wp\/v2\/product_brand?post=5728"},{"taxonomy":"product_cat","embeddable":true,"href":"https:\/\/petityu.com\/en\/wp-json\/wp\/v2\/product_cat?post=5728"},{"taxonomy":"product_tag","embeddable":true,"href":"https:\/\/petityu.com\/en\/wp-json\/wp\/v2\/product_tag?post=5728"}],"curies":[{"name":"wp","href":"https:\/\/api.w.org\/{rel}","templated":true}]}}