{"id":5731,"date":"2024-09-19T14:40:14","date_gmt":"2024-09-19T11:40:14","guid":{"rendered":"https:\/\/petityu.com\/kawaii-sanrio-pelus-kalem-kutusu-kuromi-pelus-sirin-kalemlik-mor-kalem-kutu\/"},"modified":"2026-01-22T14:25:57","modified_gmt":"2026-01-22T11:25:57","slug":"kawaii-sanrio-pelus-kalem-kutusu-kuromi-pelus-sirin-kalemlik-mor-kalem-kutu","status":"publish","type":"product","link":"https:\/\/petityu.com\/en\/kawaii-sanrio-pelus-kalem-kutusu-kuromi-pelus-sirin-kalemlik-mor-kalem-kutu\/","title":{"rendered":"Kawaii Sanrio Pelu\u015f Kalem Kutusu Kuromi Pelu\u015f \u015eirin Kalemlik Mor Kalem Kutu"},"content":{"rendered":"<div ><br \/>\n<ul><br \/>\n<li>kawaii kalem kutu mor<\/li><\/ul><br \/>\n<div><br><\/div><\/div>","protected":false},"excerpt":{"rendered":"<p>kawaii kalem kutu mor<\/p>","protected":false},"featured_media":5729,"template":"","meta":[],"product_brand":[],"product_cat":[15,980,935],"product_tag":[],"class_list":{"0":"post-5731","1":"product","2":"type-product","3":"status-publish","4":"has-post-thumbnail","6":"product_cat-genel","7":"product_cat-kalem-kutusu-kizcocuk","8":"product_cat-kizcocuk","10":"first","11":"instock","12":"taxable","13":"shipping-taxable","14":"purchasable","15":"product-type-simple"},"_links":{"self":[{"href":"https:\/\/petityu.com\/en\/wp-json\/wp\/v2\/product\/5731","targetHints":{"allow":["GET"]}}],"collection":[{"href":"https:\/\/petityu.com\/en\/wp-json\/wp\/v2\/product"}],"about":[{"href":"https:\/\/petityu.com\/en\/wp-json\/wp\/v2\/types\/product"}],"wp:featuredmedia":[{"embeddable":true,"href":"https:\/\/petityu.com\/en\/wp-json\/wp\/v2\/media\/5729"}],"wp:attachment":[{"href":"https:\/\/petityu.com\/en\/wp-json\/wp\/v2\/media?parent=5731"}],"wp:term":[{"taxonomy":"product_brand","embeddable":true,"href":"https:\/\/petityu.com\/en\/wp-json\/wp\/v2\/product_brand?post=5731"},{"taxonomy":"product_cat","embeddable":true,"href":"https:\/\/petityu.com\/en\/wp-json\/wp\/v2\/product_cat?post=5731"},{"taxonomy":"product_tag","embeddable":true,"href":"https:\/\/petityu.com\/en\/wp-json\/wp\/v2\/product_tag?post=5731"}],"curies":[{"name":"wp","href":"https:\/\/api.w.org\/{rel}","templated":true}]}}