{"id":5739,"date":"2024-09-19T14:40:56","date_gmt":"2024-09-19T11:40:56","guid":{"rendered":"https:\/\/petityu.com\/unicorn-yagmurluk-yagmurluk\/"},"modified":"2025-10-20T16:37:12","modified_gmt":"2025-10-20T13:37:12","slug":"unicorn-yagmurluk-yagmurluk","status":"publish","type":"product","link":"https:\/\/petityu.com\/en\/unicorn-yagmurluk-yagmurluk\/","title":{"rendered":"Un\u0131corn Yagmurluk &#8211; Ya\u011fmurluk"},"content":{"rendered":"<p>Boyut M ya\u011fmurluk uzunlu\u011fu 61 cm, kol 48 cm, g&ouml;\u011f&uuml;s 96 cm, &ccedil;ocuk y&uuml;ksekli\u011fi 95-105 cm i&ccedil;in uygun 3-6YAS Boyut L ya\u011fmurluk uzunlu\u011fu 65 cm, kol 49 cm, g&ouml;\u011f&uuml;s 100 cm, &ccedil;ocuk y&uuml;ksekli\u011fi 105-115 cm i&ccedil;in uygun 6-8 YAS<\/p>","protected":false},"excerpt":{"rendered":"<p>Boyut M ya\u011fmurluk uzunlu\u011fu 61 cm, kol 48 cm, g&ouml;\u011f&uuml;s 96 cm, &ccedil;ocuk y&uuml;ksekli\u011fi 95-105 cm i&ccedil;in uygun 3-6YAS Boyut L ya\u011fmurluk uzunlu\u011fu 65 cm,&hellip;<\/p>","protected":false},"featured_media":5736,"template":"","meta":[],"product_brand":[],"product_cat":[15,935,973],"product_tag":[],"class_list":{"0":"post-5739","1":"product","2":"type-product","3":"status-publish","4":"has-post-thumbnail","6":"product_cat-genel","7":"product_cat-kizcocuk","8":"product_cat-yagmurluk-tulum-yagmur-pantalonu","10":"first","11":"instock","12":"taxable","13":"shipping-taxable","14":"purchasable","15":"product-type-variable"},"_links":{"self":[{"href":"https:\/\/petityu.com\/en\/wp-json\/wp\/v2\/product\/5739","targetHints":{"allow":["GET"]}}],"collection":[{"href":"https:\/\/petityu.com\/en\/wp-json\/wp\/v2\/product"}],"about":[{"href":"https:\/\/petityu.com\/en\/wp-json\/wp\/v2\/types\/product"}],"wp:featuredmedia":[{"embeddable":true,"href":"https:\/\/petityu.com\/en\/wp-json\/wp\/v2\/media\/5736"}],"wp:attachment":[{"href":"https:\/\/petityu.com\/en\/wp-json\/wp\/v2\/media?parent=5739"}],"wp:term":[{"taxonomy":"product_brand","embeddable":true,"href":"https:\/\/petityu.com\/en\/wp-json\/wp\/v2\/product_brand?post=5739"},{"taxonomy":"product_cat","embeddable":true,"href":"https:\/\/petityu.com\/en\/wp-json\/wp\/v2\/product_cat?post=5739"},{"taxonomy":"product_tag","embeddable":true,"href":"https:\/\/petityu.com\/en\/wp-json\/wp\/v2\/product_tag?post=5739"}],"curies":[{"name":"wp","href":"https:\/\/api.w.org\/{rel}","templated":true}]}}