{"id":5746,"date":"2024-09-19T14:41:31","date_gmt":"2024-09-19T11:41:31","guid":{"rendered":"https:\/\/petityu.com\/sugecirmez-unicorn-aplike-cepli-3d-sirin-kiz-cocuk-yagmur-pantolonu\/"},"modified":"2025-12-29T13:41:11","modified_gmt":"2025-12-29T10:41:11","slug":"sugecirmez-unicorn-aplike-cepli-3d-sirin-kiz-cocuk-yagmur-pantolonu","status":"publish","type":"product","link":"https:\/\/petityu.com\/en\/sugecirmez-unicorn-aplike-cepli-3d-sirin-kiz-cocuk-yagmur-pantolonu\/","title":{"rendered":"Petityu Su Ge\u00e7irmez Unicorn Aplike Cepli 3D \u015eirin K\u0131z \u00c7ocuk Ya\u011fmur Pantolonu"},"content":{"rendered":"<p><p>Su ge\u00e7irmez ya\u011fmur pantalonu Medium 3-4 ya\u015f Large 4-6 ya\u015f Xlarge 6-8 ya\u015f<\/p><\/p>","protected":false},"excerpt":{"rendered":"<p>Su ge\u00e7irmez ya\u011fmur pantalonu Medium 3-4 ya\u015f Large 4-6 ya\u015f Xlarge 6-8 ya\u015f<\/p>","protected":false},"featured_media":5743,"template":"","meta":[],"product_brand":[],"product_cat":[15,935,973],"product_tag":[],"class_list":{"0":"post-5746","1":"product","2":"type-product","3":"status-publish","4":"has-post-thumbnail","6":"product_cat-genel","7":"product_cat-kizcocuk","8":"product_cat-yagmurluk-tulum-yagmur-pantalonu","10":"first","11":"instock","12":"taxable","13":"shipping-taxable","14":"purchasable","15":"product-type-variable"},"_links":{"self":[{"href":"https:\/\/petityu.com\/en\/wp-json\/wp\/v2\/product\/5746","targetHints":{"allow":["GET"]}}],"collection":[{"href":"https:\/\/petityu.com\/en\/wp-json\/wp\/v2\/product"}],"about":[{"href":"https:\/\/petityu.com\/en\/wp-json\/wp\/v2\/types\/product"}],"wp:featuredmedia":[{"embeddable":true,"href":"https:\/\/petityu.com\/en\/wp-json\/wp\/v2\/media\/5743"}],"wp:attachment":[{"href":"https:\/\/petityu.com\/en\/wp-json\/wp\/v2\/media?parent=5746"}],"wp:term":[{"taxonomy":"product_brand","embeddable":true,"href":"https:\/\/petityu.com\/en\/wp-json\/wp\/v2\/product_brand?post=5746"},{"taxonomy":"product_cat","embeddable":true,"href":"https:\/\/petityu.com\/en\/wp-json\/wp\/v2\/product_cat?post=5746"},{"taxonomy":"product_tag","embeddable":true,"href":"https:\/\/petityu.com\/en\/wp-json\/wp\/v2\/product_tag?post=5746"}],"curies":[{"name":"wp","href":"https:\/\/api.w.org\/{rel}","templated":true}]}}