{"id":5754,"date":"2024-09-19T14:42:10","date_gmt":"2024-09-19T11:42:10","guid":{"rendered":"https:\/\/petityu.com\/sanrio-kuromi-kalem-kutusu-sevimli-buyuk-kapasiteli-su-gecirmez-dayanikli-kalem-cantasi\/"},"modified":"2026-02-05T18:28:00","modified_gmt":"2026-02-05T15:28:00","slug":"sanrio-kuromi-kalem-kutusu-sevimli-buyuk-kapasiteli-su-gecirmez-dayanikli-kalem-cantasi","status":"publish","type":"product","link":"https:\/\/petityu.com\/en\/sanrio-kuromi-kalem-kutusu-sevimli-buyuk-kapasiteli-su-gecirmez-dayanikli-kalem-cantasi\/","title":{"rendered":"Sanrio Kuromi Kalem Kutusu Sevimli B\u00fcy\u00fck Kapasiteli Su Ge\u00e7irmez Dayan\u0131kl\u0131 Kalem \u00c7antas\u0131"},"content":{"rendered":"<div ><br \/>\n<ul><br \/>\n<li>b\u00fcy\u00fck kapasiteli k\u0131z \u00e7ocuk kalem kutu <br><\/li><br \/>\n<li>kawaii k\u0131z \u00e7ocuk kalem kutu <br><\/li><br \/>\n<li>my melody k\u0131z \u00e7ocuk kalem kutu <br><\/li><br \/>\n<li>\u015firin k\u0131z \u00e7ocuk kalem kutu<\/li><\/ul><br \/>\n<div><br><\/div><\/div>","protected":false},"excerpt":{"rendered":"<p>b\u00fcy\u00fck kapasiteli k\u0131z \u00e7ocuk kalem kutu kawaii k\u0131z \u00e7ocuk kalem kutu my melody k\u0131z \u00e7ocuk kalem kutu \u015firin k\u0131z \u00e7ocuk kalem kutu<\/p>","protected":false},"featured_media":5750,"template":"","meta":[],"product_brand":[],"product_cat":[15,980,935],"product_tag":[],"class_list":{"0":"post-5754","1":"product","2":"type-product","3":"status-publish","4":"has-post-thumbnail","6":"product_cat-genel","7":"product_cat-kalem-kutusu-kizcocuk","8":"product_cat-kizcocuk","10":"first","11":"outofstock","12":"taxable","13":"shipping-taxable","14":"purchasable","15":"product-type-simple"},"_links":{"self":[{"href":"https:\/\/petityu.com\/en\/wp-json\/wp\/v2\/product\/5754","targetHints":{"allow":["GET"]}}],"collection":[{"href":"https:\/\/petityu.com\/en\/wp-json\/wp\/v2\/product"}],"about":[{"href":"https:\/\/petityu.com\/en\/wp-json\/wp\/v2\/types\/product"}],"wp:featuredmedia":[{"embeddable":true,"href":"https:\/\/petityu.com\/en\/wp-json\/wp\/v2\/media\/5750"}],"wp:attachment":[{"href":"https:\/\/petityu.com\/en\/wp-json\/wp\/v2\/media?parent=5754"}],"wp:term":[{"taxonomy":"product_brand","embeddable":true,"href":"https:\/\/petityu.com\/en\/wp-json\/wp\/v2\/product_brand?post=5754"},{"taxonomy":"product_cat","embeddable":true,"href":"https:\/\/petityu.com\/en\/wp-json\/wp\/v2\/product_cat?post=5754"},{"taxonomy":"product_tag","embeddable":true,"href":"https:\/\/petityu.com\/en\/wp-json\/wp\/v2\/product_tag?post=5754"}],"curies":[{"name":"wp","href":"https:\/\/api.w.org\/{rel}","templated":true}]}}