{"id":5758,"date":"2024-09-19T14:42:42","date_gmt":"2024-09-19T11:42:42","guid":{"rendered":"https:\/\/petityu.com\/hello-kitty-musluk-uzatici-hello-kitty-musluk-uzatma-aparat-montessori-cocuk-el-yikama-yardimcisi\/"},"modified":"2026-03-05T20:54:47","modified_gmt":"2026-03-05T17:54:47","slug":"hello-kitty-musluk-uzatici-hello-kitty-musluk-uzatma-aparat-montessori-cocuk-el-yikama-yardimcisi","status":"publish","type":"product","link":"https:\/\/petityu.com\/en\/hello-kitty-musluk-uzatici-hello-kitty-musluk-uzatma-aparat-montessori-cocuk-el-yikama-yardimcisi\/","title":{"rendered":"Hello Kitty Musluk Uzat\u0131c\u0131 &#8211; Hello Kitty Musluk Uzatma Aparat- Montessori \u00c7ocuk El Y\u0131kama Yard\u0131mc\u0131s\u0131"},"content":{"rendered":"<p><p>Miniklerin ellerini kendileri yikayabilmesi icin yardimci aparat<\/p><\/p>","protected":false},"excerpt":{"rendered":"<p>Miniklerin ellerini kendileri yikayabilmesi icin yardimci aparat<\/p>","protected":false},"featured_media":5755,"template":"","meta":[],"product_brand":[],"product_cat":[15],"product_tag":[],"class_list":{"0":"post-5758","1":"product","2":"type-product","3":"status-publish","4":"has-post-thumbnail","6":"product_cat-genel","8":"first","9":"outofstock","10":"taxable","11":"shipping-taxable","12":"purchasable","13":"product-type-simple"},"_links":{"self":[{"href":"https:\/\/petityu.com\/en\/wp-json\/wp\/v2\/product\/5758","targetHints":{"allow":["GET"]}}],"collection":[{"href":"https:\/\/petityu.com\/en\/wp-json\/wp\/v2\/product"}],"about":[{"href":"https:\/\/petityu.com\/en\/wp-json\/wp\/v2\/types\/product"}],"wp:featuredmedia":[{"embeddable":true,"href":"https:\/\/petityu.com\/en\/wp-json\/wp\/v2\/media\/5755"}],"wp:attachment":[{"href":"https:\/\/petityu.com\/en\/wp-json\/wp\/v2\/media?parent=5758"}],"wp:term":[{"taxonomy":"product_brand","embeddable":true,"href":"https:\/\/petityu.com\/en\/wp-json\/wp\/v2\/product_brand?post=5758"},{"taxonomy":"product_cat","embeddable":true,"href":"https:\/\/petityu.com\/en\/wp-json\/wp\/v2\/product_cat?post=5758"},{"taxonomy":"product_tag","embeddable":true,"href":"https:\/\/petityu.com\/en\/wp-json\/wp\/v2\/product_tag?post=5758"}],"curies":[{"name":"wp","href":"https:\/\/api.w.org\/{rel}","templated":true}]}}