{"id":5763,"date":"2024-09-19T14:43:15","date_gmt":"2024-09-19T11:43:15","guid":{"rendered":"https:\/\/petityu.com\/minnie-mouse-musluk-basligi-cocuk-el-yikama-musluk-aparati\/"},"modified":"2026-02-19T16:06:59","modified_gmt":"2026-02-19T13:06:59","slug":"minnie-mouse-musluk-basligi-cocuk-el-yikama-musluk-aparati","status":"publish","type":"product","link":"https:\/\/petityu.com\/en\/minnie-mouse-musluk-basligi-cocuk-el-yikama-musluk-aparati\/","title":{"rendered":"Minnie Mouse Musluk Ba\u015fl\u0131\u011f\u0131 \u00c7ocuk El Y\u0131kama Musluk Aparat\u0131"},"content":{"rendered":"<p><p>Minnie Mouse Musluk Uzatma<\/p><br \/>\n<p>\u00c7ocuk el y\u0131kama i\u00e7in<\/p><\/p>","protected":false},"excerpt":{"rendered":"<p>Minnie Mouse Musluk Uzatma \u00c7ocuk el y\u0131kama i\u00e7in<\/p>","protected":false},"featured_media":5761,"template":"","meta":[],"product_brand":[],"product_cat":[15],"product_tag":[],"class_list":{"0":"post-5763","1":"product","2":"type-product","3":"status-publish","4":"has-post-thumbnail","6":"product_cat-genel","8":"first","9":"outofstock","10":"taxable","11":"shipping-taxable","12":"purchasable","13":"product-type-simple"},"_links":{"self":[{"href":"https:\/\/petityu.com\/en\/wp-json\/wp\/v2\/product\/5763","targetHints":{"allow":["GET"]}}],"collection":[{"href":"https:\/\/petityu.com\/en\/wp-json\/wp\/v2\/product"}],"about":[{"href":"https:\/\/petityu.com\/en\/wp-json\/wp\/v2\/types\/product"}],"wp:featuredmedia":[{"embeddable":true,"href":"https:\/\/petityu.com\/en\/wp-json\/wp\/v2\/media\/5761"}],"wp:attachment":[{"href":"https:\/\/petityu.com\/en\/wp-json\/wp\/v2\/media?parent=5763"}],"wp:term":[{"taxonomy":"product_brand","embeddable":true,"href":"https:\/\/petityu.com\/en\/wp-json\/wp\/v2\/product_brand?post=5763"},{"taxonomy":"product_cat","embeddable":true,"href":"https:\/\/petityu.com\/en\/wp-json\/wp\/v2\/product_cat?post=5763"},{"taxonomy":"product_tag","embeddable":true,"href":"https:\/\/petityu.com\/en\/wp-json\/wp\/v2\/product_tag?post=5763"}],"curies":[{"name":"wp","href":"https:\/\/api.w.org\/{rel}","templated":true}]}}