{"id":5772,"date":"2024-09-19T14:44:13","date_gmt":"2024-09-19T11:44:13","guid":{"rendered":"https:\/\/petityu.com\/cocuk-yesil-gunes-gozlugu\/"},"modified":"2026-03-13T14:30:15","modified_gmt":"2026-03-13T11:30:15","slug":"cocuk-yesil-gunes-gozlugu","status":"publish","type":"product","link":"https:\/\/petityu.com\/en\/cocuk-yesil-gunes-gozlugu\/","title":{"rendered":"Petityu Ye\u015fil Renk Yuvarlak \u00c7ocuk G\u00fcne\u015f G\u00f6zl\u00fc\u011f\u00fc"},"content":{"rendered":"<p><p>Yuvarlak \u00e7er\u00e7eve formuyla \u00e7ocuklar\u0131n y\u00fcz hatlar\u0131na uyum sa\u011flayan tasar\u0131m.; Kahverengi cam rengi, \u00e7ocuklar\u0131n g\u00f6zlerini zararl\u0131 g\u00fcne\u015f \u0131\u015f\u0131nlar\u0131ndan koruyan UV400 filtreli mat camlarla donat\u0131lm\u0131\u015ft\u0131r.; Plastik \u00e7er\u00e7eve materyali ile hafif ve dayan\u0131kl\u0131 yap\u0131, \u00e7ocuklar\u0131n rahat\u00e7a kullanabilmesi i\u00e7in idealdir.; \u00c7er\u00e7eveli tasar\u0131m\u0131 ile \u00e7ocuklar\u0131n y\u00fczlerine m\u00fckemmel uyum sa\u011flayacak \u015fekilde tasarlanm\u0131\u015ft\u0131r.; \u00c7ocuk ya\u015f grubuna \u00f6zel olarak \u00fcretilmi\u015f olup, k\u00fc\u00e7\u00fck ellerin kolayca kavrayabilece\u011fi ergonomik tasar\u0131m sunmaktad\u0131r.;<\/p><\/p>","protected":false},"excerpt":{"rendered":"<p>Yuvarlak \u00e7er\u00e7eve formuyla \u00e7ocuklar\u0131n y\u00fcz hatlar\u0131na uyum sa\u011flayan tasar\u0131m.; Kahverengi cam rengi, \u00e7ocuklar\u0131n g\u00f6zlerini zararl\u0131 g\u00fcne\u015f \u0131\u015f\u0131nlar\u0131ndan koruyan UV400 filtreli mat camlarla donat\u0131lm\u0131\u015ft\u0131r.; Plastik \u00e7er\u00e7eve&hellip;<\/p>","protected":false},"featured_media":5764,"template":"","meta":[],"product_brand":[],"product_cat":[15,936,979,993,935],"product_tag":[],"class_list":{"0":"post-5772","1":"product","2":"type-product","3":"status-publish","4":"has-post-thumbnail","6":"product_cat-genel","7":"product_cat-erkekcocuk","8":"product_cat-gunes-gozlugu","9":"product_cat-gunes-gozlugu-erkekcocuk","10":"product_cat-kizcocuk","12":"first","13":"instock","14":"taxable","15":"shipping-taxable","16":"purchasable","17":"product-type-simple"},"_links":{"self":[{"href":"https:\/\/petityu.com\/en\/wp-json\/wp\/v2\/product\/5772","targetHints":{"allow":["GET"]}}],"collection":[{"href":"https:\/\/petityu.com\/en\/wp-json\/wp\/v2\/product"}],"about":[{"href":"https:\/\/petityu.com\/en\/wp-json\/wp\/v2\/types\/product"}],"wp:featuredmedia":[{"embeddable":true,"href":"https:\/\/petityu.com\/en\/wp-json\/wp\/v2\/media\/5764"}],"wp:attachment":[{"href":"https:\/\/petityu.com\/en\/wp-json\/wp\/v2\/media?parent=5772"}],"wp:term":[{"taxonomy":"product_brand","embeddable":true,"href":"https:\/\/petityu.com\/en\/wp-json\/wp\/v2\/product_brand?post=5772"},{"taxonomy":"product_cat","embeddable":true,"href":"https:\/\/petityu.com\/en\/wp-json\/wp\/v2\/product_cat?post=5772"},{"taxonomy":"product_tag","embeddable":true,"href":"https:\/\/petityu.com\/en\/wp-json\/wp\/v2\/product_tag?post=5772"}],"curies":[{"name":"wp","href":"https:\/\/api.w.org\/{rel}","templated":true}]}}