{"id":5780,"date":"2024-09-19T14:44:57","date_gmt":"2024-09-19T11:44:57","guid":{"rendered":"https:\/\/petityu.com\/3-8-yas-cool-cocuk-gunes-gozlugu-400-uv-koruma-vizon-grimsi-sutlu-kahve\/"},"modified":"2026-03-18T16:07:28","modified_gmt":"2026-03-18T13:07:28","slug":"3-8-yas-cool-cocuk-gunes-gozlugu-400-uv-koruma-vizon-grimsi-sutlu-kahve","status":"publish","type":"product","link":"https:\/\/petityu.com\/en\/3-8-yas-cool-cocuk-gunes-gozlugu-400-uv-koruma-vizon-grimsi-sutlu-kahve\/","title":{"rendered":"3-8 Ya\u015f Cool \u00c7ocuk G\u00fcne\u015f G\u00f6zl\u00fc\u011f\u00fc 400 UV Koruma &#8211; Vizon Grimsi S\u00fctl\u00fc Kahve"},"content":{"rendered":"<p><p>Vizon Grimsi S\u00fctl\u00fc Kahve<\/p><br \/>\n<p>3-8 ya\u015f<\/p><br \/>\n<p>\u00c7ocuk G\u00fcne\u015f G\u00f6zl\u00fc\u011f\u00fc<\/p><br \/>\n<p>UV 400 Koruma<\/p><\/p>","protected":false},"excerpt":{"rendered":"<p>Vizon Grimsi S\u00fctl\u00fc Kahve 3-8 ya\u015f \u00c7ocuk G\u00fcne\u015f G\u00f6zl\u00fc\u011f\u00fc UV 400 Koruma<\/p>","protected":false},"featured_media":5773,"template":"","meta":[],"product_brand":[],"product_cat":[15,936,979,993,935],"product_tag":[],"class_list":{"0":"post-5780","1":"product","2":"type-product","3":"status-publish","4":"has-post-thumbnail","6":"product_cat-genel","7":"product_cat-erkekcocuk","8":"product_cat-gunes-gozlugu","9":"product_cat-gunes-gozlugu-erkekcocuk","10":"product_cat-kizcocuk","12":"first","13":"instock","14":"taxable","15":"shipping-taxable","16":"purchasable","17":"product-type-simple"},"_links":{"self":[{"href":"https:\/\/petityu.com\/en\/wp-json\/wp\/v2\/product\/5780","targetHints":{"allow":["GET"]}}],"collection":[{"href":"https:\/\/petityu.com\/en\/wp-json\/wp\/v2\/product"}],"about":[{"href":"https:\/\/petityu.com\/en\/wp-json\/wp\/v2\/types\/product"}],"wp:featuredmedia":[{"embeddable":true,"href":"https:\/\/petityu.com\/en\/wp-json\/wp\/v2\/media\/5773"}],"wp:attachment":[{"href":"https:\/\/petityu.com\/en\/wp-json\/wp\/v2\/media?parent=5780"}],"wp:term":[{"taxonomy":"product_brand","embeddable":true,"href":"https:\/\/petityu.com\/en\/wp-json\/wp\/v2\/product_brand?post=5780"},{"taxonomy":"product_cat","embeddable":true,"href":"https:\/\/petityu.com\/en\/wp-json\/wp\/v2\/product_cat?post=5780"},{"taxonomy":"product_tag","embeddable":true,"href":"https:\/\/petityu.com\/en\/wp-json\/wp\/v2\/product_tag?post=5780"}],"curies":[{"name":"wp","href":"https:\/\/api.w.org\/{rel}","templated":true}]}}