{"id":5789,"date":"2024-09-19T14:45:51","date_gmt":"2024-09-19T11:45:51","guid":{"rendered":"https:\/\/petityu.com\/3-8-yas-cool-ayicik-cocuk-gunes-gozlugu-400-uv-koruma-mavimsi-gri\/"},"modified":"2026-03-18T16:05:27","modified_gmt":"2026-03-18T13:05:27","slug":"3-8-yas-cool-ayicik-cocuk-gunes-gozlugu-400-uv-koruma-mavimsi-gri","status":"publish","type":"product","link":"https:\/\/petityu.com\/en\/3-8-yas-cool-ayicik-cocuk-gunes-gozlugu-400-uv-koruma-mavimsi-gri\/","title":{"rendered":"3-8 Ya\u015f Cool Ay\u0131c\u0131k \u00c7ocuk G\u00fcne\u015f G\u00f6zl\u00fc\u011f\u00fc 400 Uv Koruma -Mavimsi Gri"},"content":{"rendered":"<p><p>3 ila 8 ya\u015f aras\u0131 \u00e7ocuklar\u0131n g\u00f6zlerini UV \u0131\u015f\u0131nlar\u0131na kar\u015f\u0131 etkin bir \u015fekilde koruyan, UV400 cam malzemesiyle donat\u0131lm\u0131\u015ft\u0131r.; Yuvarlak \u00e7er\u00e7eve tasar\u0131m\u0131, \u015f\u0131k ve modern bir g\u00f6r\u00fcn\u00fcm sunarken ayn\u0131 zamanda k\u00fc\u00e7\u00fck y\u00fcz hatlar\u0131na uyum sa\u011flar.; Lacivert renkli mat camlar, parlama ve yans\u0131ma etkilerini azaltarak net g\u00f6r\u00fc\u015f sa\u011flarken, mavimsi gri tonuyla dikkat \u00e7ekici bir stil olu\u015fturur.; Dayan\u0131kl\u0131 plastik \u00e7er\u00e7eve malzemesi, kolay temizlenebilirlik ve uzun s\u00fcreli kullan\u0131m imkan\u0131 sunarken hafifli\u011fiyle \u00e7ocuklar\u0131n konforunu artt\u0131r\u0131r.; \u00c7er\u00e7eveli yap\u0131s\u0131 sayesinde \u00e7ocuklar\u0131n y\u00fcz hatlar\u0131n\u0131 tamamlar ve g\u00fcvenli bir oturu\u015f sa\u011flar; bebeklerden itibaren kullan\u0131ma uygundur.;<\/p><\/p>","protected":false},"excerpt":{"rendered":"<p>3 ila 8 ya\u015f aras\u0131 \u00e7ocuklar\u0131n g\u00f6zlerini UV \u0131\u015f\u0131nlar\u0131na kar\u015f\u0131 etkin bir \u015fekilde koruyan, UV400 cam malzemesiyle donat\u0131lm\u0131\u015ft\u0131r.; Yuvarlak \u00e7er\u00e7eve tasar\u0131m\u0131, \u015f\u0131k ve modern bir&hellip;<\/p>","protected":false},"featured_media":5781,"template":"","meta":[],"product_brand":[],"product_cat":[15,936,979,993,935],"product_tag":[],"class_list":{"0":"post-5789","1":"product","2":"type-product","3":"status-publish","4":"has-post-thumbnail","6":"product_cat-genel","7":"product_cat-erkekcocuk","8":"product_cat-gunes-gozlugu","9":"product_cat-gunes-gozlugu-erkekcocuk","10":"product_cat-kizcocuk","12":"first","13":"instock","14":"taxable","15":"shipping-taxable","16":"purchasable","17":"product-type-simple"},"_links":{"self":[{"href":"https:\/\/petityu.com\/en\/wp-json\/wp\/v2\/product\/5789","targetHints":{"allow":["GET"]}}],"collection":[{"href":"https:\/\/petityu.com\/en\/wp-json\/wp\/v2\/product"}],"about":[{"href":"https:\/\/petityu.com\/en\/wp-json\/wp\/v2\/types\/product"}],"wp:featuredmedia":[{"embeddable":true,"href":"https:\/\/petityu.com\/en\/wp-json\/wp\/v2\/media\/5781"}],"wp:attachment":[{"href":"https:\/\/petityu.com\/en\/wp-json\/wp\/v2\/media?parent=5789"}],"wp:term":[{"taxonomy":"product_brand","embeddable":true,"href":"https:\/\/petityu.com\/en\/wp-json\/wp\/v2\/product_brand?post=5789"},{"taxonomy":"product_cat","embeddable":true,"href":"https:\/\/petityu.com\/en\/wp-json\/wp\/v2\/product_cat?post=5789"},{"taxonomy":"product_tag","embeddable":true,"href":"https:\/\/petityu.com\/en\/wp-json\/wp\/v2\/product_tag?post=5789"}],"curies":[{"name":"wp","href":"https:\/\/api.w.org\/{rel}","templated":true}]}}