{"id":5791,"date":"2024-09-19T14:46:04","date_gmt":"2024-09-19T11:46:04","guid":{"rendered":"https:\/\/petityu.com\/uv-gunes-korumali-sapka-upf50-laci-turuncu-mavi-kopekbaligi-sapka-1-4-yas\/"},"modified":"2026-03-06T15:32:49","modified_gmt":"2026-03-06T12:32:49","slug":"uv-gunes-korumali-sapka-upf50-laci-turuncu-mavi-kopekbaligi-sapka-1-4-yas","status":"publish","type":"product","link":"https:\/\/petityu.com\/en\/uv-gunes-korumali-sapka-upf50-laci-turuncu-mavi-kopekbaligi-sapka-1-4-yas\/","title":{"rendered":"Uv Gunes Korumal\u0131 \u015eapka \u2013 Upf50 Laci Turuncu Mavi Kopekbaligi Sapka 1-4 Yas"},"content":{"rendered":"<p><p>Laci turuncu mavi kopekbaligi desenli tasar\u0131m\u0131 ile hem stil sahibi g\u00f6r\u00fcn\u00fcm\u00fc hem de e\u011flenceli detaylar\u0131 bir arada sunar.; 1 ila 4 ya\u015f aras\u0131 \u00e7ocuklar i\u00e7in uygundur, b\u00f6ylece k\u00fc\u00e7\u00fck ya\u015ftan itibaren g\u00fcne\u015f koruyucu al\u0131\u015fkanl\u0131\u011f\u0131n\u0131 kazand\u0131r\u0131r.;<\/p><\/p>","protected":false},"excerpt":{"rendered":"<p>Laci turuncu mavi kopekbaligi desenli tasar\u0131m\u0131 ile hem stil sahibi g\u00f6r\u00fcn\u00fcm\u00fc hem de e\u011flenceli detaylar\u0131 bir arada sunar.; 1 ila 4 ya\u015f aras\u0131 \u00e7ocuklar i\u00e7in&hellip;<\/p>","protected":false},"featured_media":5790,"template":"","meta":[],"product_brand":[],"product_cat":[15,936,996],"product_tag":[],"class_list":{"0":"post-5791","1":"product","2":"type-product","3":"status-publish","4":"has-post-thumbnail","6":"product_cat-genel","7":"product_cat-erkekcocuk","8":"product_cat-sapka-erkekcocuk","10":"first","11":"outofstock","12":"taxable","13":"shipping-taxable","14":"purchasable","15":"product-type-simple"},"_links":{"self":[{"href":"https:\/\/petityu.com\/en\/wp-json\/wp\/v2\/product\/5791","targetHints":{"allow":["GET"]}}],"collection":[{"href":"https:\/\/petityu.com\/en\/wp-json\/wp\/v2\/product"}],"about":[{"href":"https:\/\/petityu.com\/en\/wp-json\/wp\/v2\/types\/product"}],"wp:featuredmedia":[{"embeddable":true,"href":"https:\/\/petityu.com\/en\/wp-json\/wp\/v2\/media\/5790"}],"wp:attachment":[{"href":"https:\/\/petityu.com\/en\/wp-json\/wp\/v2\/media?parent=5791"}],"wp:term":[{"taxonomy":"product_brand","embeddable":true,"href":"https:\/\/petityu.com\/en\/wp-json\/wp\/v2\/product_brand?post=5791"},{"taxonomy":"product_cat","embeddable":true,"href":"https:\/\/petityu.com\/en\/wp-json\/wp\/v2\/product_cat?post=5791"},{"taxonomy":"product_tag","embeddable":true,"href":"https:\/\/petityu.com\/en\/wp-json\/wp\/v2\/product_tag?post=5791"}],"curies":[{"name":"wp","href":"https:\/\/api.w.org\/{rel}","templated":true}]}}