{"id":5797,"date":"2024-09-19T14:46:37","date_gmt":"2024-09-19T11:46:37","guid":{"rendered":"https:\/\/petityu.com\/gri-buyuk-kopek-baligi-musluk-uzatma-aparat\/"},"modified":"2026-02-19T16:05:01","modified_gmt":"2026-02-19T13:05:01","slug":"gri-buyuk-kopek-baligi-musluk-uzatma-aparat","status":"publish","type":"product","link":"https:\/\/petityu.com\/en\/gri-buyuk-kopek-baligi-musluk-uzatma-aparat\/","title":{"rendered":"Gri B\u00fcy\u00fck K\u00f6pek Bal\u0131\u011f\u0131 Musluk Uzatma Aparat"},"content":{"rendered":"<p><p>Gri B\u00fcy\u00fck K\u00f6pek Bal\u0131\u011f\u0131 \u00c7ocuklar i\u00e7in Musluk Uzatma Ba\u015fl\u0131\u011f\u0131d\u0131r. ; Muslu\u011fa tak\u0131lacak k\u0131sm\u0131 silikon, \u00f6n k\u0131sm\u0131 ise plastikten \u00fcretilmi\u015ftir. ; Miniklerin ellerini kendileri y\u0131kayabilmesi i\u00e7in yard\u0131mc\u0131 aparatt\u0131r.;<\/p><\/p>","protected":false},"excerpt":{"rendered":"<p>Gri B\u00fcy\u00fck K\u00f6pek Bal\u0131\u011f\u0131 \u00c7ocuklar i\u00e7in Musluk Uzatma Ba\u015fl\u0131\u011f\u0131d\u0131r. ; Muslu\u011fa tak\u0131lacak k\u0131sm\u0131 silikon, \u00f6n k\u0131sm\u0131 ise plastikten \u00fcretilmi\u015ftir. ; Miniklerin ellerini kendileri y\u0131kayabilmesi i\u00e7in&hellip;<\/p>","protected":false},"featured_media":5792,"template":"","meta":[],"product_brand":[],"product_cat":[15],"product_tag":[],"class_list":{"0":"post-5797","1":"product","2":"type-product","3":"status-publish","4":"has-post-thumbnail","6":"product_cat-genel","8":"first","9":"outofstock","10":"taxable","11":"shipping-taxable","12":"purchasable","13":"product-type-simple"},"_links":{"self":[{"href":"https:\/\/petityu.com\/en\/wp-json\/wp\/v2\/product\/5797","targetHints":{"allow":["GET"]}}],"collection":[{"href":"https:\/\/petityu.com\/en\/wp-json\/wp\/v2\/product"}],"about":[{"href":"https:\/\/petityu.com\/en\/wp-json\/wp\/v2\/types\/product"}],"wp:featuredmedia":[{"embeddable":true,"href":"https:\/\/petityu.com\/en\/wp-json\/wp\/v2\/media\/5792"}],"wp:attachment":[{"href":"https:\/\/petityu.com\/en\/wp-json\/wp\/v2\/media?parent=5797"}],"wp:term":[{"taxonomy":"product_brand","embeddable":true,"href":"https:\/\/petityu.com\/en\/wp-json\/wp\/v2\/product_brand?post=5797"},{"taxonomy":"product_cat","embeddable":true,"href":"https:\/\/petityu.com\/en\/wp-json\/wp\/v2\/product_cat?post=5797"},{"taxonomy":"product_tag","embeddable":true,"href":"https:\/\/petityu.com\/en\/wp-json\/wp\/v2\/product_tag?post=5797"}],"curies":[{"name":"wp","href":"https:\/\/api.w.org\/{rel}","templated":true}]}}