{"id":5799,"date":"2024-09-19T14:46:48","date_gmt":"2024-09-19T11:46:48","guid":{"rendered":"https:\/\/petityu.com\/polis-ambulans-cekici-mavi-kirmizi-uzun-kollu-su-gecirmez-bebek-onluk-mama-onlugu\/"},"modified":"2025-08-21T14:47:43","modified_gmt":"2025-08-21T11:47:43","slug":"polis-ambulans-cekici-mavi-kirmizi-uzun-kollu-su-gecirmez-bebek-onluk-mama-onlugu","status":"publish","type":"product","link":"https:\/\/petityu.com\/en\/polis-ambulans-cekici-mavi-kirmizi-uzun-kollu-su-gecirmez-bebek-onluk-mama-onlugu\/","title":{"rendered":"Polis Ambulans \u00c7ekici &#8211; Mavi Kirmizi Uzun Kollu Su Ge\u00e7irmez Bebek \u00d6nl\u00fck Mama \u00d6nl\u00fc\u011f\u00fc"},"content":{"rendered":"<p><p>Su ge\u00e7irmez \u00f6zelli\u011fi sayesinde bebe\u011finizin yemek yerken k\u0131yafetlerinin \u0131slanmas\u0131n\u0131 engeller, temiz ve kuru kalmas\u0131na yard\u0131mc\u0131 olur.; Yeni do\u011fanlar i\u00e7in \u00f6zel olarak tasarlanm\u0131\u015ft\u0131r, bebe\u011finizi beslenme s\u0131ras\u0131nda rahat ettirirken ayn\u0131 zamanda korur.; Uzun kollu yap\u0131s\u0131yla bebe\u011finizin boynunu ve kollar\u0131n\u0131 korumaya yard\u0131mc\u0131 olur.; Mavi ve k\u0131rm\u0131z\u0131 renk kombinasyonu ile \u015f\u0131k ve dikkat \u00e7ekici bir tasar\u0131ma sahiptir, bebeklerinize sevimli bir g\u00f6r\u00fcn\u00fcm kazand\u0131r\u0131r.;<\/p><\/p>","protected":false},"excerpt":{"rendered":"<p>Su ge\u00e7irmez \u00f6zelli\u011fi sayesinde bebe\u011finizin yemek yerken k\u0131yafetlerinin \u0131slanmas\u0131n\u0131 engeller, temiz ve kuru kalmas\u0131na yard\u0131mc\u0131 olur.; Yeni do\u011fanlar i\u00e7in \u00f6zel olarak tasarlanm\u0131\u015ft\u0131r, bebe\u011finizi beslenme s\u0131ras\u0131nda&hellip;<\/p>","protected":false},"featured_media":5798,"template":"","meta":[],"product_brand":[],"product_cat":[15,936,990],"product_tag":[],"class_list":{"0":"post-5799","1":"product","2":"type-product","3":"status-publish","4":"has-post-thumbnail","6":"product_cat-genel","7":"product_cat-erkekcocuk","8":"product_cat-mama-onlugu-erkekcocuk","10":"first","11":"outofstock","12":"taxable","13":"shipping-taxable","14":"purchasable","15":"product-type-simple"},"_links":{"self":[{"href":"https:\/\/petityu.com\/en\/wp-json\/wp\/v2\/product\/5799","targetHints":{"allow":["GET"]}}],"collection":[{"href":"https:\/\/petityu.com\/en\/wp-json\/wp\/v2\/product"}],"about":[{"href":"https:\/\/petityu.com\/en\/wp-json\/wp\/v2\/types\/product"}],"wp:featuredmedia":[{"embeddable":true,"href":"https:\/\/petityu.com\/en\/wp-json\/wp\/v2\/media\/5798"}],"wp:attachment":[{"href":"https:\/\/petityu.com\/en\/wp-json\/wp\/v2\/media?parent=5799"}],"wp:term":[{"taxonomy":"product_brand","embeddable":true,"href":"https:\/\/petityu.com\/en\/wp-json\/wp\/v2\/product_brand?post=5799"},{"taxonomy":"product_cat","embeddable":true,"href":"https:\/\/petityu.com\/en\/wp-json\/wp\/v2\/product_cat?post=5799"},{"taxonomy":"product_tag","embeddable":true,"href":"https:\/\/petityu.com\/en\/wp-json\/wp\/v2\/product_tag?post=5799"}],"curies":[{"name":"wp","href":"https:\/\/api.w.org\/{rel}","templated":true}]}}