{"id":5813,"date":"2024-09-19T14:48:09","date_gmt":"2024-09-19T11:48:09","guid":{"rendered":"https:\/\/petityu.com\/3-8-yas-cool-cocuk-gunes-gozlugu-400-uv-koruma-yesil\/"},"modified":"2026-03-18T15:56:47","modified_gmt":"2026-03-18T12:56:47","slug":"3-8-yas-cool-cocuk-gunes-gozlugu-400-uv-koruma-yesil","status":"publish","type":"product","link":"https:\/\/petityu.com\/en\/3-8-yas-cool-cocuk-gunes-gozlugu-400-uv-koruma-yesil\/","title":{"rendered":"3-8 Ya\u015f Cool \u00c7ocuk G\u00fcne\u015f G\u00f6zl\u00fc\u011f\u00fc 400 Uv Koruma &#8211; Ye\u015fil"},"content":{"rendered":"<p><p>\u00c7ocuklar\u0131n g\u00f6zlerini g\u00fcne\u015fin zararl\u0131 \u0131\u015f\u0131nlar\u0131ndan koruyacak \u015fekilde tasarlanm\u0131\u015f bu ye\u015fil renkli g\u00fcne\u015f g\u00f6zl\u00fckleri, 3 ila 8 ya\u015f aras\u0131 \u00e7ocuklar\u0131n kullan\u0131m\u0131na \u00f6zel olarak \u00fcretilmi\u015ftir. UV400 korumas\u0131yla y\u00fcksek d\u00fczeyde g\u00fcne\u015f \u0131\u015f\u0131\u011f\u0131na maruz kalma riskini azalt\u0131rken, yuvarlak \u00e7er\u00e7eve formu ve ye\u015fil cam renk se\u00e7ene\u011fiyle \u015f\u0131k bir g\u00f6r\u00fcn\u00fcm sunar. \u00c7er\u00e7eveli yap\u0131s\u0131yla \u00e7ocuklar\u0131n rahat\u00e7a tak\u0131p \u00e7\u0131karmas\u0131n\u0131 sa\u011flayan bu g\u00fcne\u015f g\u00f6zl\u00fckleri, \u00e7ocuklar\u0131n yaz aylar\u0131nda d\u0131\u015far\u0131da oynarken g\u00fcvenle kullanabilecekleri ideal bir aksesuard\u0131r.;<\/p><\/p>","protected":false},"excerpt":{"rendered":"<p>\u00c7ocuklar\u0131n g\u00f6zlerini g\u00fcne\u015fin zararl\u0131 \u0131\u015f\u0131nlar\u0131ndan koruyacak \u015fekilde tasarlanm\u0131\u015f bu ye\u015fil renkli g\u00fcne\u015f g\u00f6zl\u00fckleri, 3 ila 8 ya\u015f aras\u0131 \u00e7ocuklar\u0131n kullan\u0131m\u0131na \u00f6zel olarak \u00fcretilmi\u015ftir. UV400 korumas\u0131yla&hellip;<\/p>","protected":false},"featured_media":5805,"template":"","meta":[],"product_brand":[],"product_cat":[936,15,993,979,935],"product_tag":[],"class_list":{"0":"post-5813","1":"product","2":"type-product","3":"status-publish","4":"has-post-thumbnail","6":"product_cat-erkekcocuk","7":"product_cat-genel","8":"product_cat-gunes-gozlugu-erkekcocuk","9":"product_cat-gunes-gozlugu","10":"product_cat-kizcocuk","12":"first","13":"instock","14":"taxable","15":"shipping-taxable","16":"purchasable","17":"product-type-simple"},"_links":{"self":[{"href":"https:\/\/petityu.com\/en\/wp-json\/wp\/v2\/product\/5813","targetHints":{"allow":["GET"]}}],"collection":[{"href":"https:\/\/petityu.com\/en\/wp-json\/wp\/v2\/product"}],"about":[{"href":"https:\/\/petityu.com\/en\/wp-json\/wp\/v2\/types\/product"}],"wp:featuredmedia":[{"embeddable":true,"href":"https:\/\/petityu.com\/en\/wp-json\/wp\/v2\/media\/5805"}],"wp:attachment":[{"href":"https:\/\/petityu.com\/en\/wp-json\/wp\/v2\/media?parent=5813"}],"wp:term":[{"taxonomy":"product_brand","embeddable":true,"href":"https:\/\/petityu.com\/en\/wp-json\/wp\/v2\/product_brand?post=5813"},{"taxonomy":"product_cat","embeddable":true,"href":"https:\/\/petityu.com\/en\/wp-json\/wp\/v2\/product_cat?post=5813"},{"taxonomy":"product_tag","embeddable":true,"href":"https:\/\/petityu.com\/en\/wp-json\/wp\/v2\/product_tag?post=5813"}],"curies":[{"name":"wp","href":"https:\/\/api.w.org\/{rel}","templated":true}]}}