{"id":5821,"date":"2024-09-19T14:48:52","date_gmt":"2024-09-19T11:48:52","guid":{"rendered":"https:\/\/petityu.com\/3-8-yas-cool-cocuk-gunes-gozlugu-400-uv-koruma-pembe-yuvarlak\/"},"modified":"2026-03-18T16:17:52","modified_gmt":"2026-03-18T13:17:52","slug":"3-8-yas-cool-cocuk-gunes-gozlugu-400-uv-koruma-pembe-yuvarlak","status":"publish","type":"product","link":"https:\/\/petityu.com\/en\/3-8-yas-cool-cocuk-gunes-gozlugu-400-uv-koruma-pembe-yuvarlak\/","title":{"rendered":"3-8 Ya\u015f Cool \u00c7ocuk G\u00fcne\u015f G\u00f6zl\u00fc\u011f\u00fc 400 Uv Koruma &#8211; Pembe Yuvarlak"},"content":{"rendered":"<p><p>\u00c7ocuklar\u0131n g\u00f6zlerini g\u00fcne\u015fin zararl\u0131 UV \u0131\u015f\u0131nlar\u0131ndan korumak i\u00e7in tasarlanm\u0131\u015f, pembe yuvarlak \u00e7er\u00e7eveli 3-8 ya\u015f aras\u0131 \u00e7ocuk g\u00fcne\u015f g\u00f6zl\u00fc\u011f\u00fc. UV400 koruma \u00f6zelli\u011fi ile g\u00f6z sa\u011fl\u0131\u011f\u0131n\u0131 \u00f6n planda tutarken, \u015f\u0131k tasar\u0131m\u0131 ile \u00e7ocuklar\u0131n tarz\u0131n\u0131 tamamlayan bir aksesuar sunuyor.;<\/p><\/p>","protected":false},"excerpt":{"rendered":"<p>\u00c7ocuklar\u0131n g\u00f6zlerini g\u00fcne\u015fin zararl\u0131 UV \u0131\u015f\u0131nlar\u0131ndan korumak i\u00e7in tasarlanm\u0131\u015f, pembe yuvarlak \u00e7er\u00e7eveli 3-8 ya\u015f aras\u0131 \u00e7ocuk g\u00fcne\u015f g\u00f6zl\u00fc\u011f\u00fc. UV400 koruma \u00f6zelli\u011fi ile g\u00f6z sa\u011fl\u0131\u011f\u0131n\u0131 \u00f6n&hellip;<\/p>","protected":false},"featured_media":5814,"template":"","meta":[],"product_brand":[],"product_cat":[15,979,935],"product_tag":[],"class_list":{"0":"post-5821","1":"product","2":"type-product","3":"status-publish","4":"has-post-thumbnail","6":"product_cat-genel","7":"product_cat-gunes-gozlugu","8":"product_cat-kizcocuk","10":"first","11":"instock","12":"taxable","13":"shipping-taxable","14":"purchasable","15":"product-type-simple"},"_links":{"self":[{"href":"https:\/\/petityu.com\/en\/wp-json\/wp\/v2\/product\/5821","targetHints":{"allow":["GET"]}}],"collection":[{"href":"https:\/\/petityu.com\/en\/wp-json\/wp\/v2\/product"}],"about":[{"href":"https:\/\/petityu.com\/en\/wp-json\/wp\/v2\/types\/product"}],"wp:featuredmedia":[{"embeddable":true,"href":"https:\/\/petityu.com\/en\/wp-json\/wp\/v2\/media\/5814"}],"wp:attachment":[{"href":"https:\/\/petityu.com\/en\/wp-json\/wp\/v2\/media?parent=5821"}],"wp:term":[{"taxonomy":"product_brand","embeddable":true,"href":"https:\/\/petityu.com\/en\/wp-json\/wp\/v2\/product_brand?post=5821"},{"taxonomy":"product_cat","embeddable":true,"href":"https:\/\/petityu.com\/en\/wp-json\/wp\/v2\/product_cat?post=5821"},{"taxonomy":"product_tag","embeddable":true,"href":"https:\/\/petityu.com\/en\/wp-json\/wp\/v2\/product_tag?post=5821"}],"curies":[{"name":"wp","href":"https:\/\/api.w.org\/{rel}","templated":true}]}}