{"id":5839,"date":"2024-09-19T14:50:35","date_gmt":"2024-09-19T11:50:35","guid":{"rendered":"https:\/\/petityu.com\/3-8-yas-cool-ayicik-cocuk-gunes-gozlugu-400-uv-koruma-koyu-pembe\/"},"modified":"2026-04-01T13:04:36","modified_gmt":"2026-04-01T10:04:36","slug":"3-8-yas-cool-ayicik-cocuk-gunes-gozlugu-400-uv-koruma-koyu-pembe","status":"publish","type":"product","link":"https:\/\/petityu.com\/en\/3-8-yas-cool-ayicik-cocuk-gunes-gozlugu-400-uv-koruma-koyu-pembe\/","title":{"rendered":"3-8 Ya\u015f Cool Ay\u0131c\u0131k \u00c7ocuk G\u00fcne\u015f G\u00f6zl\u00fc\u011f\u00fc 400 Uv Koruma &#8211; Koyu Pembe"},"content":{"rendered":"<p><p>3 ila 8 ya\u015f aras\u0131 \u00e7ocuklar\u0131n kullan\u0131m\u0131na \u00f6zel olarak tasarlanm\u0131\u015f, yuvarlak \u00e7er\u00e7eveli g\u00fcne\u015f g\u00f6zl\u00fc\u011f\u00fc.; G\u00f6zleri g\u00fcne\u015fin zararl\u0131 UV \u0131\u015f\u0131nlar\u0131ndan koruyan UV400 filtre \u00f6zelli\u011fi ile g\u00fcvenle kullanabilirsiniz.; Koyu pembe renkteki \u015feffaf camlar, \u00e7ocuklar\u0131n tarz\u0131n\u0131 yans\u0131tacak \u015fekilde tasarlanm\u0131\u015ft\u0131r.; \u00c7ocuklar\u0131n k\u00fc\u00e7\u00fck elleri i\u00e7in rahatl\u0131kla tutulabilen ergonomik yap\u0131s\u0131yla konforlu bir kullan\u0131m sunar.; \u00c7er\u00e7eveli yap\u0131s\u0131 sayesinde sa\u011flam ve dayan\u0131kl\u0131d\u0131r, uzun s\u00fcreli kullan\u0131m i\u00e7in uygundur.; \u00c7ocuklar\u0131n\u0131z\u0131n g\u00f6z sa\u011fl\u0131\u011f\u0131n\u0131 d\u00fc\u015f\u00fcnerek tasarlanm\u0131\u015f bu g\u00fcne\u015f g\u00f6zl\u00fckleri, onlar\u0131n g\u00fcne\u015fin zararl\u0131 etkilerinden korunmas\u0131na yard\u0131mc\u0131 olur.;<\/p><\/p>","protected":false},"excerpt":{"rendered":"<p>3 ila 8 ya\u015f aras\u0131 \u00e7ocuklar\u0131n kullan\u0131m\u0131na \u00f6zel olarak tasarlanm\u0131\u015f, yuvarlak \u00e7er\u00e7eveli g\u00fcne\u015f g\u00f6zl\u00fc\u011f\u00fc.; G\u00f6zleri g\u00fcne\u015fin zararl\u0131 UV \u0131\u015f\u0131nlar\u0131ndan koruyan UV400 filtre \u00f6zelli\u011fi ile g\u00fcvenle&hellip;<\/p>","protected":false},"featured_media":5831,"template":"","meta":[],"product_brand":[],"product_cat":[15,979,935],"product_tag":[],"class_list":{"0":"post-5839","1":"product","2":"type-product","3":"status-publish","4":"has-post-thumbnail","6":"product_cat-genel","7":"product_cat-gunes-gozlugu","8":"product_cat-kizcocuk","10":"first","11":"instock","12":"taxable","13":"shipping-taxable","14":"purchasable","15":"product-type-simple"},"_links":{"self":[{"href":"https:\/\/petityu.com\/en\/wp-json\/wp\/v2\/product\/5839","targetHints":{"allow":["GET"]}}],"collection":[{"href":"https:\/\/petityu.com\/en\/wp-json\/wp\/v2\/product"}],"about":[{"href":"https:\/\/petityu.com\/en\/wp-json\/wp\/v2\/types\/product"}],"wp:featuredmedia":[{"embeddable":true,"href":"https:\/\/petityu.com\/en\/wp-json\/wp\/v2\/media\/5831"}],"wp:attachment":[{"href":"https:\/\/petityu.com\/en\/wp-json\/wp\/v2\/media?parent=5839"}],"wp:term":[{"taxonomy":"product_brand","embeddable":true,"href":"https:\/\/petityu.com\/en\/wp-json\/wp\/v2\/product_brand?post=5839"},{"taxonomy":"product_cat","embeddable":true,"href":"https:\/\/petityu.com\/en\/wp-json\/wp\/v2\/product_cat?post=5839"},{"taxonomy":"product_tag","embeddable":true,"href":"https:\/\/petityu.com\/en\/wp-json\/wp\/v2\/product_tag?post=5839"}],"curies":[{"name":"wp","href":"https:\/\/api.w.org\/{rel}","templated":true}]}}