{"id":5841,"date":"2024-09-19T14:50:45","date_gmt":"2024-09-19T11:50:45","guid":{"rendered":"https:\/\/petityu.com\/2-8-yas-cool-ayicik-cocuk-gunes-gozlugu-400-uv-koruma-acik-pembe\/"},"modified":"2026-03-18T15:59:39","modified_gmt":"2026-03-18T12:59:39","slug":"2-8-yas-cool-ayicik-cocuk-gunes-gozlugu-400-uv-koruma-acik-pembe","status":"publish","type":"product","link":"https:\/\/petityu.com\/en\/2-8-yas-cool-ayicik-cocuk-gunes-gozlugu-400-uv-koruma-acik-pembe\/","title":{"rendered":"2-8 Ya\u015f Cool Ay\u0131c\u0131k \u00c7ocuk G\u00fcne\u015f G\u00f6zl\u00fc\u011f\u00fc 400 Uv Koruma &#8211; A\u00e7\u0131k Pembe"},"content":{"rendered":"<p><p>\u00c7ocuklar\u0131n g\u00f6zlerini UV \u0131\u015f\u0131nlar\u0131ndan koruyan bu g\u00fcne\u015f g\u00f6zl\u00fckleri, 2 ila 8 ya\u015f aras\u0131 miniklerin g\u00fcnl\u00fck kullan\u0131m\u0131na uygun olarak tasarlanm\u0131\u015ft\u0131r. Yuvarlak \u00e7er\u00e7eve tasar\u0131m\u0131 ile \u015f\u0131k ve sevimli bir g\u00f6r\u00fcn\u00fcm sunarken, pembe cam renkleri \u00e7ocuklar\u0131n ilgisini \u00e7ekmektedir. UV400 cam materyali sayesinde g\u00fcne\u015fin zararl\u0131 etkilerine kar\u015f\u0131 tam koruma sa\u011flar ve \u00e7ocuklar\u0131n g\u00f6z sa\u011fl\u0131\u011f\u0131n\u0131 \u00f6n planda tutar. Bu g\u00f6zl\u00fckler, \u00e7ocuklar\u0131n g\u00fcne\u015f alt\u0131nda oynarken veya d\u0131\u015far\u0131da vakit ge\u00e7irirken g\u00fcvenle kullanabilecekleri bir aksesuard\u0131r.;<\/p><\/p>","protected":false},"excerpt":{"rendered":"<p>\u00c7ocuklar\u0131n g\u00f6zlerini UV \u0131\u015f\u0131nlar\u0131ndan koruyan bu g\u00fcne\u015f g\u00f6zl\u00fckleri, 2 ila 8 ya\u015f aras\u0131 miniklerin g\u00fcnl\u00fck kullan\u0131m\u0131na uygun olarak tasarlanm\u0131\u015ft\u0131r. Yuvarlak \u00e7er\u00e7eve tasar\u0131m\u0131 ile \u015f\u0131k ve&hellip;<\/p>","protected":false},"featured_media":5840,"template":"","meta":[],"product_brand":[],"product_cat":[15,979,935],"product_tag":[],"class_list":{"0":"post-5841","1":"product","2":"type-product","3":"status-publish","4":"has-post-thumbnail","6":"product_cat-genel","7":"product_cat-gunes-gozlugu","8":"product_cat-kizcocuk","10":"first","11":"instock","12":"taxable","13":"shipping-taxable","14":"purchasable","15":"product-type-simple"},"_links":{"self":[{"href":"https:\/\/petityu.com\/en\/wp-json\/wp\/v2\/product\/5841","targetHints":{"allow":["GET"]}}],"collection":[{"href":"https:\/\/petityu.com\/en\/wp-json\/wp\/v2\/product"}],"about":[{"href":"https:\/\/petityu.com\/en\/wp-json\/wp\/v2\/types\/product"}],"wp:featuredmedia":[{"embeddable":true,"href":"https:\/\/petityu.com\/en\/wp-json\/wp\/v2\/media\/5840"}],"wp:attachment":[{"href":"https:\/\/petityu.com\/en\/wp-json\/wp\/v2\/media?parent=5841"}],"wp:term":[{"taxonomy":"product_brand","embeddable":true,"href":"https:\/\/petityu.com\/en\/wp-json\/wp\/v2\/product_brand?post=5841"},{"taxonomy":"product_cat","embeddable":true,"href":"https:\/\/petityu.com\/en\/wp-json\/wp\/v2\/product_cat?post=5841"},{"taxonomy":"product_tag","embeddable":true,"href":"https:\/\/petityu.com\/en\/wp-json\/wp\/v2\/product_tag?post=5841"}],"curies":[{"name":"wp","href":"https:\/\/api.w.org\/{rel}","templated":true}]}}