{"id":5856,"date":"2024-09-19T14:52:05","date_gmt":"2024-09-19T11:52:05","guid":{"rendered":"https:\/\/petityu.com\/unisex-cocuk-beyaz-yuvarlak-cool-gunes-gozlugu-400-uv-koruma-2-8-yas\/"},"modified":"2026-03-13T14:36:40","modified_gmt":"2026-03-13T11:36:40","slug":"unisex-cocuk-beyaz-yuvarlak-cool-gunes-gozlugu-400-uv-koruma-2-8-yas","status":"publish","type":"product","link":"https:\/\/petityu.com\/en\/unisex-cocuk-beyaz-yuvarlak-cool-gunes-gozlugu-400-uv-koruma-2-8-yas\/","title":{"rendered":"Unisex \u00c7ocuk Beyaz Yuvarlak Cool G\u00fcne\u015f G\u00f6zl\u00fc\u011f\u00fc 400 Uv Koruma &#8211; 2-8 Ya\u015f"},"content":{"rendered":"<p><p>Yuvarlak \u00e7er\u00e7eve tasar\u0131m\u0131, \u00e7ocuklar\u0131n y\u00fcz hatlar\u0131na uyum sa\u011flayarak \u015f\u0131k bir g\u00f6r\u00fcn\u00fcm sunar.; \u00c7er\u00e7evenin sa\u011flam yap\u0131s\u0131, \u00e7ocuklar\u0131n aktif oyunlar\u0131 s\u0131ras\u0131nda dahi rahat\u00e7a kullanabilmesini sa\u011flar.; UV400 koruma \u00f6zelli\u011fiyle g\u00f6zleri zararl\u0131 UV \u0131\u015f\u0131nlar\u0131na kar\u015f\u0131 tam koruma alt\u0131na al\u0131r, g\u00fcne\u015fin tad\u0131n\u0131 g\u00fcvenli bir \u015fekilde \u00e7\u0131karman\u0131n keyfini ya\u015fat\u0131r.; Beyaz renkli lensler, do\u011fal \u0131\u015f\u0131k ge\u00e7irgenli\u011fi ile net g\u00f6r\u00fcn\u00fcrl\u00fck sa\u011flar ve renkleri canl\u0131 tutarak oyun s\u0131ras\u0131nda keskin bir g\u00f6r\u00fc\u015f deneyimi sunar.; 2 ila 8 ya\u015f aras\u0131 \u00e7ocuklar i\u00e7in uygun olan bu g\u00fcne\u015flik g\u00f6zl\u00fck, onlar\u0131n k\u00fc\u00e7\u00fck ya\u015flar\u0131na \u00f6zel tasarlanm\u0131\u015ft\u0131r; b\u00f6ylece \u00e7ocuklar g\u00fcne\u015fin tad\u0131n\u0131 \u00e7\u0131kart\u0131rken g\u00f6zlerini korurken e\u011flenirler.;<\/p><\/p>","protected":false},"excerpt":{"rendered":"<p>Yuvarlak \u00e7er\u00e7eve tasar\u0131m\u0131, \u00e7ocuklar\u0131n y\u00fcz hatlar\u0131na uyum sa\u011flayarak \u015f\u0131k bir g\u00f6r\u00fcn\u00fcm sunar.; \u00c7er\u00e7evenin sa\u011flam yap\u0131s\u0131, \u00e7ocuklar\u0131n aktif oyunlar\u0131 s\u0131ras\u0131nda dahi rahat\u00e7a kullanabilmesini sa\u011flar.; UV400 koruma&hellip;<\/p>","protected":false},"featured_media":5848,"template":"","meta":[],"product_brand":[],"product_cat":[15,936,979,993,935],"product_tag":[],"class_list":{"0":"post-5856","1":"product","2":"type-product","3":"status-publish","4":"has-post-thumbnail","6":"product_cat-genel","7":"product_cat-erkekcocuk","8":"product_cat-gunes-gozlugu","9":"product_cat-gunes-gozlugu-erkekcocuk","10":"product_cat-kizcocuk","12":"first","13":"outofstock","14":"taxable","15":"shipping-taxable","16":"purchasable","17":"product-type-simple"},"_links":{"self":[{"href":"https:\/\/petityu.com\/en\/wp-json\/wp\/v2\/product\/5856","targetHints":{"allow":["GET"]}}],"collection":[{"href":"https:\/\/petityu.com\/en\/wp-json\/wp\/v2\/product"}],"about":[{"href":"https:\/\/petityu.com\/en\/wp-json\/wp\/v2\/types\/product"}],"wp:featuredmedia":[{"embeddable":true,"href":"https:\/\/petityu.com\/en\/wp-json\/wp\/v2\/media\/5848"}],"wp:attachment":[{"href":"https:\/\/petityu.com\/en\/wp-json\/wp\/v2\/media?parent=5856"}],"wp:term":[{"taxonomy":"product_brand","embeddable":true,"href":"https:\/\/petityu.com\/en\/wp-json\/wp\/v2\/product_brand?post=5856"},{"taxonomy":"product_cat","embeddable":true,"href":"https:\/\/petityu.com\/en\/wp-json\/wp\/v2\/product_cat?post=5856"},{"taxonomy":"product_tag","embeddable":true,"href":"https:\/\/petityu.com\/en\/wp-json\/wp\/v2\/product_tag?post=5856"}],"curies":[{"name":"wp","href":"https:\/\/api.w.org\/{rel}","templated":true}]}}