{"id":5858,"date":"2024-09-19T14:52:14","date_gmt":"2024-09-19T11:52:14","guid":{"rendered":"https:\/\/petityu.com\/pembe-tavsan-bunny-uzun-kollu-su-gecirmez-onluk\/"},"modified":"2025-08-21T14:27:02","modified_gmt":"2025-08-21T11:27:02","slug":"pembe-tavsan-bunny-uzun-kollu-su-gecirmez-onluk","status":"publish","type":"product","link":"https:\/\/petityu.com\/en\/pembe-tavsan-bunny-uzun-kollu-su-gecirmez-onluk\/","title":{"rendered":"Pembe Tav\u015fan Bunny Uzun Kollu Su Ge\u00e7irmez \u00d6nl\u00fck"},"content":{"rendered":"<p><p>Kollu tasar\u0131m\u0131 ile bebe\u011finizin kollar\u0131n\u0131 da korur, mama yedirme esnas\u0131nda rahat hareket etmesini sa\u011flar.; Pembe tav\u015fan bunny deseniyle \u015firin ve sevimli bir g\u00f6r\u00fcn\u00fcm sunar, bebe\u011finizin k\u0131yafetlerine e\u011flenceli bir dokunu\u015f ekler.;<\/p><\/p>","protected":false},"excerpt":{"rendered":"<p>Kollu tasar\u0131m\u0131 ile bebe\u011finizin kollar\u0131n\u0131 da korur, mama yedirme esnas\u0131nda rahat hareket etmesini sa\u011flar.; Pembe tav\u015fan bunny deseniyle \u015firin ve sevimli bir g\u00f6r\u00fcn\u00fcm sunar, bebe\u011finizin&hellip;<\/p>","protected":false},"featured_media":5857,"template":"","meta":[],"product_brand":[],"product_cat":[15,935,986],"product_tag":[],"class_list":{"0":"post-5858","1":"product","2":"type-product","3":"status-publish","4":"has-post-thumbnail","6":"product_cat-genel","7":"product_cat-kizcocuk","8":"product_cat-mama-onlugu-kizcocuk","10":"first","11":"outofstock","12":"taxable","13":"shipping-taxable","14":"purchasable","15":"product-type-simple"},"_links":{"self":[{"href":"https:\/\/petityu.com\/en\/wp-json\/wp\/v2\/product\/5858","targetHints":{"allow":["GET"]}}],"collection":[{"href":"https:\/\/petityu.com\/en\/wp-json\/wp\/v2\/product"}],"about":[{"href":"https:\/\/petityu.com\/en\/wp-json\/wp\/v2\/types\/product"}],"wp:featuredmedia":[{"embeddable":true,"href":"https:\/\/petityu.com\/en\/wp-json\/wp\/v2\/media\/5857"}],"wp:attachment":[{"href":"https:\/\/petityu.com\/en\/wp-json\/wp\/v2\/media?parent=5858"}],"wp:term":[{"taxonomy":"product_brand","embeddable":true,"href":"https:\/\/petityu.com\/en\/wp-json\/wp\/v2\/product_brand?post=5858"},{"taxonomy":"product_cat","embeddable":true,"href":"https:\/\/petityu.com\/en\/wp-json\/wp\/v2\/product_cat?post=5858"},{"taxonomy":"product_tag","embeddable":true,"href":"https:\/\/petityu.com\/en\/wp-json\/wp\/v2\/product_tag?post=5858"}],"curies":[{"name":"wp","href":"https:\/\/api.w.org\/{rel}","templated":true}]}}