{"id":5861,"date":"2024-09-19T14:52:29","date_gmt":"2024-09-19T11:52:29","guid":{"rendered":"https:\/\/petityu.com\/bow-fiyonklu-elastik-sac-klips-toka-her-yasa-uygun-sac-aksesuarlari-pembe\/"},"modified":"2025-11-24T13:33:49","modified_gmt":"2025-11-24T10:33:49","slug":"bow-fiyonklu-elastik-sac-klips-toka-her-yasa-uygun-sac-aksesuarlari-pembe","status":"publish","type":"product","link":"https:\/\/petityu.com\/en\/bow-fiyonklu-elastik-sac-klips-toka-her-yasa-uygun-sac-aksesuarlari-pembe\/","title":{"rendered":"Fiyonklu Elastik Sa\u00e7 Klips Toka Her Ya\u015fa Uygun &#8211; Sa\u00e7 Aksesuarlar\u0131 Pembe"},"content":{"rendered":"<p><p>Fiyonklu elastik sa\u00e7 tokas\u0131, \u00e7ocuklar\u0131n sa\u00e7lar\u0131n\u0131 kolayca tutturup \u015fekillendirmelerine yard\u0131mc\u0131 olur.; Pembe rengi ile canl\u0131 ve e\u011flenceli bir g\u00f6r\u00fcn\u00fcm kazand\u0131r\u0131r.; Polyester materyali sayesinde dayan\u0131kl\u0131 ve uzun \u00f6m\u00fcrl\u00fcd\u00fcr, s\u0131k kullan\u0131m i\u00e7in idealdir.; Her ya\u015f grubuna uygun tasar\u0131m\u0131yla geni\u015f kullan\u0131c\u0131 kitlesine hitap eder.;<\/p><\/p>","protected":false},"excerpt":{"rendered":"<p>Fiyonklu elastik sa\u00e7 tokas\u0131, \u00e7ocuklar\u0131n sa\u00e7lar\u0131n\u0131 kolayca tutturup \u015fekillendirmelerine yard\u0131mc\u0131 olur.; Pembe rengi ile canl\u0131 ve e\u011flenceli bir g\u00f6r\u00fcn\u00fcm kazand\u0131r\u0131r.; Polyester materyali sayesinde dayan\u0131kl\u0131 ve&hellip;<\/p>","protected":false},"featured_media":5859,"template":"","meta":[],"product_brand":[],"product_cat":[15],"product_tag":[],"class_list":{"0":"post-5861","1":"product","2":"type-product","3":"status-publish","4":"has-post-thumbnail","6":"product_cat-genel","8":"first","9":"instock","10":"taxable","11":"shipping-taxable","12":"purchasable","13":"product-type-simple"},"_links":{"self":[{"href":"https:\/\/petityu.com\/en\/wp-json\/wp\/v2\/product\/5861","targetHints":{"allow":["GET"]}}],"collection":[{"href":"https:\/\/petityu.com\/en\/wp-json\/wp\/v2\/product"}],"about":[{"href":"https:\/\/petityu.com\/en\/wp-json\/wp\/v2\/types\/product"}],"wp:featuredmedia":[{"embeddable":true,"href":"https:\/\/petityu.com\/en\/wp-json\/wp\/v2\/media\/5859"}],"wp:attachment":[{"href":"https:\/\/petityu.com\/en\/wp-json\/wp\/v2\/media?parent=5861"}],"wp:term":[{"taxonomy":"product_brand","embeddable":true,"href":"https:\/\/petityu.com\/en\/wp-json\/wp\/v2\/product_brand?post=5861"},{"taxonomy":"product_cat","embeddable":true,"href":"https:\/\/petityu.com\/en\/wp-json\/wp\/v2\/product_cat?post=5861"},{"taxonomy":"product_tag","embeddable":true,"href":"https:\/\/petityu.com\/en\/wp-json\/wp\/v2\/product_tag?post=5861"}],"curies":[{"name":"wp","href":"https:\/\/api.w.org\/{rel}","templated":true}]}}