{"id":5863,"date":"2024-09-19T14:52:38","date_gmt":"2024-09-19T11:52:38","guid":{"rendered":"https:\/\/petityu.com\/uv-gunes-korumali-sapka-hizli-kuruma-upf50-lila-sapka-1-3-ve-3-8-yas\/"},"modified":"2026-04-07T09:51:22","modified_gmt":"2026-04-07T06:51:22","slug":"uv-gunes-korumali-sapka-hizli-kuruma-upf50-lila-sapka-1-3-ve-3-8-yas","status":"publish","type":"product","link":"https:\/\/petityu.com\/en\/uv-gunes-korumali-sapka-hizli-kuruma-upf50-lila-sapka-1-3-ve-3-8-yas\/","title":{"rendered":"Uv G\u00fcne\u015f Korumal\u0131 \u015eapka H\u0131zl\u0131 Kuruma\u2013 Upf50+ Lila \u015eapka"},"content":{"rendered":"<p><p>Upf 50+ Boyundan ve kafa capi kismindan ayarlama yapilabilir Hizli kurur<\/p><\/p>","protected":false},"excerpt":{"rendered":"<p>Upf 50+ Boyundan ve kafa capi kismindan ayarlama yapilabilir Hizli kurur<\/p>","protected":false},"featured_media":5862,"template":"","meta":[],"product_brand":[],"product_cat":[15,935,975],"product_tag":[],"class_list":{"0":"post-5863","1":"product","2":"type-product","3":"status-publish","4":"has-post-thumbnail","6":"product_cat-genel","7":"product_cat-kizcocuk","8":"product_cat-sapka","10":"first","11":"instock","12":"taxable","13":"shipping-taxable","14":"purchasable","15":"product-type-variable"},"_links":{"self":[{"href":"https:\/\/petityu.com\/en\/wp-json\/wp\/v2\/product\/5863","targetHints":{"allow":["GET"]}}],"collection":[{"href":"https:\/\/petityu.com\/en\/wp-json\/wp\/v2\/product"}],"about":[{"href":"https:\/\/petityu.com\/en\/wp-json\/wp\/v2\/types\/product"}],"wp:featuredmedia":[{"embeddable":true,"href":"https:\/\/petityu.com\/en\/wp-json\/wp\/v2\/media\/5862"}],"wp:attachment":[{"href":"https:\/\/petityu.com\/en\/wp-json\/wp\/v2\/media?parent=5863"}],"wp:term":[{"taxonomy":"product_brand","embeddable":true,"href":"https:\/\/petityu.com\/en\/wp-json\/wp\/v2\/product_brand?post=5863"},{"taxonomy":"product_cat","embeddable":true,"href":"https:\/\/petityu.com\/en\/wp-json\/wp\/v2\/product_cat?post=5863"},{"taxonomy":"product_tag","embeddable":true,"href":"https:\/\/petityu.com\/en\/wp-json\/wp\/v2\/product_tag?post=5863"}],"curies":[{"name":"wp","href":"https:\/\/api.w.org\/{rel}","templated":true}]}}