{"id":5870,"date":"2024-09-19T14:53:14","date_gmt":"2024-09-19T11:53:14","guid":{"rendered":"https:\/\/petityu.com\/bow-fiyonklu-elastik-sac-klips-toka-her-yasa-uygun-sac-aksesuarlari-mavi\/"},"modified":"2025-11-24T13:31:44","modified_gmt":"2025-11-24T10:31:44","slug":"bow-fiyonklu-elastik-sac-klips-toka-her-yasa-uygun-sac-aksesuarlari-mavi","status":"publish","type":"product","link":"https:\/\/petityu.com\/en\/bow-fiyonklu-elastik-sac-klips-toka-her-yasa-uygun-sac-aksesuarlari-mavi\/","title":{"rendered":"Big Bow &#8211; B\u00fcy\u00fck Fiyonklu Elastik Soft Sa\u00e7 Klips Toka Her Yasa Uygun &#8211; Sa\u00e7 Aksesuarlar\u0131 Mor"},"content":{"rendered":"<p><p>Big Bow &#8211; 15 cm b\u00fcy\u00fck fiyonklu elastik soft sa\u00e7 klipsli toka her yasa uygun<\/p><\/p>","protected":false},"excerpt":{"rendered":"<p>Big Bow &#8211; 15 cm b\u00fcy\u00fck fiyonklu elastik soft sa\u00e7 klipsli toka her yasa uygun<\/p>","protected":false},"featured_media":5866,"template":"","meta":[],"product_brand":[],"product_cat":[15],"product_tag":[],"class_list":{"0":"post-5870","1":"product","2":"type-product","3":"status-publish","4":"has-post-thumbnail","6":"product_cat-genel","8":"first","9":"instock","10":"taxable","11":"shipping-taxable","12":"purchasable","13":"product-type-simple"},"_links":{"self":[{"href":"https:\/\/petityu.com\/en\/wp-json\/wp\/v2\/product\/5870","targetHints":{"allow":["GET"]}}],"collection":[{"href":"https:\/\/petityu.com\/en\/wp-json\/wp\/v2\/product"}],"about":[{"href":"https:\/\/petityu.com\/en\/wp-json\/wp\/v2\/types\/product"}],"wp:featuredmedia":[{"embeddable":true,"href":"https:\/\/petityu.com\/en\/wp-json\/wp\/v2\/media\/5866"}],"wp:attachment":[{"href":"https:\/\/petityu.com\/en\/wp-json\/wp\/v2\/media?parent=5870"}],"wp:term":[{"taxonomy":"product_brand","embeddable":true,"href":"https:\/\/petityu.com\/en\/wp-json\/wp\/v2\/product_brand?post=5870"},{"taxonomy":"product_cat","embeddable":true,"href":"https:\/\/petityu.com\/en\/wp-json\/wp\/v2\/product_cat?post=5870"},{"taxonomy":"product_tag","embeddable":true,"href":"https:\/\/petityu.com\/en\/wp-json\/wp\/v2\/product_tag?post=5870"}],"curies":[{"name":"wp","href":"https:\/\/api.w.org\/{rel}","templated":true}]}}