{"id":5876,"date":"2024-09-19T14:53:47","date_gmt":"2024-09-19T11:53:47","guid":{"rendered":"https:\/\/petityu.com\/bow-fiyonklu-elastik-sac-klips-toka-her-yasa-uygun-sac-aksesuarlari-somon\/"},"modified":"2025-11-24T13:28:58","modified_gmt":"2025-11-24T10:28:58","slug":"bow-fiyonklu-elastik-sac-klips-toka-her-yasa-uygun-sac-aksesuarlari-somon","status":"publish","type":"product","link":"https:\/\/petityu.com\/en\/bow-fiyonklu-elastik-sac-klips-toka-her-yasa-uygun-sac-aksesuarlari-somon\/","title":{"rendered":"Fiyonklu Elastik Sa\u00e7 Klips Toka Her Ya\u015fa Uygun &#8211; Sa\u00e7 Aksesuarlar\u0131 Somon"},"content":{"rendered":"<p><p>Bow &#8211; fiyonklu elastik sa\u00e7 klips toka her yasa uygun &#8211; sa\u00e7 aksesuarlar\u0131 somon<\/p><\/p>","protected":false},"excerpt":{"rendered":"<p>Bow &#8211; fiyonklu elastik sa\u00e7 klips toka her yasa uygun &#8211; sa\u00e7 aksesuarlar\u0131 somon<\/p>","protected":false},"featured_media":5874,"template":"","meta":[],"product_brand":[],"product_cat":[15],"product_tag":[],"class_list":{"0":"post-5876","1":"product","2":"type-product","3":"status-publish","4":"has-post-thumbnail","6":"product_cat-genel","8":"first","9":"instock","10":"taxable","11":"shipping-taxable","12":"purchasable","13":"product-type-simple"},"_links":{"self":[{"href":"https:\/\/petityu.com\/en\/wp-json\/wp\/v2\/product\/5876","targetHints":{"allow":["GET"]}}],"collection":[{"href":"https:\/\/petityu.com\/en\/wp-json\/wp\/v2\/product"}],"about":[{"href":"https:\/\/petityu.com\/en\/wp-json\/wp\/v2\/types\/product"}],"wp:featuredmedia":[{"embeddable":true,"href":"https:\/\/petityu.com\/en\/wp-json\/wp\/v2\/media\/5874"}],"wp:attachment":[{"href":"https:\/\/petityu.com\/en\/wp-json\/wp\/v2\/media?parent=5876"}],"wp:term":[{"taxonomy":"product_brand","embeddable":true,"href":"https:\/\/petityu.com\/en\/wp-json\/wp\/v2\/product_brand?post=5876"},{"taxonomy":"product_cat","embeddable":true,"href":"https:\/\/petityu.com\/en\/wp-json\/wp\/v2\/product_cat?post=5876"},{"taxonomy":"product_tag","embeddable":true,"href":"https:\/\/petityu.com\/en\/wp-json\/wp\/v2\/product_tag?post=5876"}],"curies":[{"name":"wp","href":"https:\/\/api.w.org\/{rel}","templated":true}]}}