{"id":5878,"date":"2024-09-19T14:53:56","date_gmt":"2024-09-19T11:53:56","guid":{"rendered":"https:\/\/petityu.com\/petrol-deniz\/"},"modified":"2025-09-09T13:58:54","modified_gmt":"2025-09-09T10:58:54","slug":"petrol-deniz","status":"publish","type":"product","link":"https:\/\/petityu.com\/en\/petrol-deniz\/","title":{"rendered":"Petrol Deniz \u00d6zel Tasar\u0131m Kolye"},"content":{"rendered":"<p><p>Alt\u0131n kaplama, uzun s\u00fcreli kullan\u0131m i\u00e7in dayan\u0131kl\u0131l\u0131k sa\u011flar ve parlakl\u0131\u011f\u0131n\u0131 koruyarak \u015f\u0131k g\u00f6r\u00fcn\u00fcm\u00fcn\u00fc muhafaza eder.; Petrol rengi tasar\u0131m\u0131yla modern ve trend bir stil sunar; farkl\u0131 k\u0131yafetlerle kolayca uyum sa\u011flayarak g\u00f6z al\u0131c\u0131 bir aksesuar haline gelir.; \u00d6zel tasar\u0131m detaylar\u0131yla dikkat \u00e7ekerken, zarif duru\u015fuyla her ortamda fark edilmenizi sa\u011flar.; Kolye zinciri uzunlu\u011fu ayarlanabilir \u00f6zelli\u011fi ile farkl\u0131 boylarda kullan\u0131c\u0131lar i\u00e7in idealdir; ki\u015fisel tercihinize g\u00f6re kolayca ayarlayabilirsiniz.;<\/p><\/p>","protected":false},"excerpt":{"rendered":"<p>Alt\u0131n kaplama, uzun s\u00fcreli kullan\u0131m i\u00e7in dayan\u0131kl\u0131l\u0131k sa\u011flar ve parlakl\u0131\u011f\u0131n\u0131 koruyarak \u015f\u0131k g\u00f6r\u00fcn\u00fcm\u00fcn\u00fc muhafaza eder.; Petrol rengi tasar\u0131m\u0131yla modern ve trend bir stil sunar; farkl\u0131&hellip;<\/p>","protected":false},"featured_media":5877,"template":"","meta":[],"product_brand":[],"product_cat":[15,1001,1002],"product_tag":[],"class_list":{"0":"post-5878","1":"product","2":"type-product","3":"status-publish","4":"has-post-thumbnail","6":"product_cat-genel","7":"product_cat-anne","8":"product_cat-elyapimicamkolye","10":"first","11":"instock","12":"taxable","13":"shipping-taxable","14":"purchasable","15":"product-type-simple"},"_links":{"self":[{"href":"https:\/\/petityu.com\/en\/wp-json\/wp\/v2\/product\/5878","targetHints":{"allow":["GET"]}}],"collection":[{"href":"https:\/\/petityu.com\/en\/wp-json\/wp\/v2\/product"}],"about":[{"href":"https:\/\/petityu.com\/en\/wp-json\/wp\/v2\/types\/product"}],"wp:featuredmedia":[{"embeddable":true,"href":"https:\/\/petityu.com\/en\/wp-json\/wp\/v2\/media\/5877"}],"wp:attachment":[{"href":"https:\/\/petityu.com\/en\/wp-json\/wp\/v2\/media?parent=5878"}],"wp:term":[{"taxonomy":"product_brand","embeddable":true,"href":"https:\/\/petityu.com\/en\/wp-json\/wp\/v2\/product_brand?post=5878"},{"taxonomy":"product_cat","embeddable":true,"href":"https:\/\/petityu.com\/en\/wp-json\/wp\/v2\/product_cat?post=5878"},{"taxonomy":"product_tag","embeddable":true,"href":"https:\/\/petityu.com\/en\/wp-json\/wp\/v2\/product_tag?post=5878"}],"curies":[{"name":"wp","href":"https:\/\/api.w.org\/{rel}","templated":true}]}}