{"id":5880,"date":"2024-09-19T14:54:04","date_gmt":"2024-09-19T11:54:04","guid":{"rendered":"https:\/\/petityu.com\/matriarch-likes-rasperry\/"},"modified":"2025-11-21T16:43:06","modified_gmt":"2025-11-21T13:43:06","slug":"matriarch-likes-rasperry","status":"publish","type":"product","link":"https:\/\/petityu.com\/en\/matriarch-likes-rasperry\/","title":{"rendered":"Matriarch Likes Rasperry \u00d6zel Tasar\u0131m Kolye"},"content":{"rendered":"<p><p>Zarif tasar\u0131ml\u0131 Matriarch likes raspberry kolye, alt\u0131n kaplama ile zenginle\u015ftirilmi\u015f bir g\u00f6r\u00fcn\u00fcme sahiptir ve \u015f\u0131kl\u0131\u011f\u0131n\u0131z\u0131 tamamlayacak zarafetle \u00f6ne \u00e7\u0131kar.; G\u00f6z al\u0131c\u0131 k\u0131rm\u0131z\u0131 meyvelerle s\u00fcslenmi\u015f bu kolye, her t\u00fcrl\u00fc k\u0131yafetinize canl\u0131l\u0131k katacak renk uyumu sunar.; \u00d6zel g\u00fcnlerinizde veya g\u00fcnl\u00fck kullan\u0131mda tercih edebilece\u011finiz bu kolye, hem anlaml\u0131 hem de estetik a\u00e7\u0131dan dikkat \u00e7eken bir aksesuard\u0131r.; Alt\u0131n kaplama \u00f6zelli\u011fi sayesinde uzun s\u00fcreli kullan\u0131m i\u00e7in ideal olan bu kolye, parlakl\u0131\u011f\u0131n\u0131 koruyarak her zaman yeni gibi g\u00f6r\u00fcnmenizi sa\u011flar.; Matriarch likes raspberry kolye, sevdiklerinize hediye etmek i\u00e7in de m\u00fckemmel bir se\u00e7enektir; anlaml\u0131 bir hediye alternatifi sunarken ayn\u0131 zamanda stil sahibi bir aksesuar olarak da de\u011fer ta\u015f\u0131r.;<\/p><\/p>","protected":false},"excerpt":{"rendered":"<p>Zarif tasar\u0131ml\u0131 Matriarch likes raspberry kolye, alt\u0131n kaplama ile zenginle\u015ftirilmi\u015f bir g\u00f6r\u00fcn\u00fcme sahiptir ve \u015f\u0131kl\u0131\u011f\u0131n\u0131z\u0131 tamamlayacak zarafetle \u00f6ne \u00e7\u0131kar.; G\u00f6z al\u0131c\u0131 k\u0131rm\u0131z\u0131 meyvelerle s\u00fcslenmi\u015f bu&hellip;<\/p>","protected":false},"featured_media":5879,"template":"","meta":[],"product_brand":[],"product_cat":[1001,1002,15],"product_tag":[],"class_list":{"0":"post-5880","1":"product","2":"type-product","3":"status-publish","4":"has-post-thumbnail","6":"product_cat-anne","7":"product_cat-elyapimicamkolye","8":"product_cat-genel","10":"first","11":"instock","12":"taxable","13":"shipping-taxable","14":"purchasable","15":"product-type-simple"},"_links":{"self":[{"href":"https:\/\/petityu.com\/en\/wp-json\/wp\/v2\/product\/5880","targetHints":{"allow":["GET"]}}],"collection":[{"href":"https:\/\/petityu.com\/en\/wp-json\/wp\/v2\/product"}],"about":[{"href":"https:\/\/petityu.com\/en\/wp-json\/wp\/v2\/types\/product"}],"wp:featuredmedia":[{"embeddable":true,"href":"https:\/\/petityu.com\/en\/wp-json\/wp\/v2\/media\/5879"}],"wp:attachment":[{"href":"https:\/\/petityu.com\/en\/wp-json\/wp\/v2\/media?parent=5880"}],"wp:term":[{"taxonomy":"product_brand","embeddable":true,"href":"https:\/\/petityu.com\/en\/wp-json\/wp\/v2\/product_brand?post=5880"},{"taxonomy":"product_cat","embeddable":true,"href":"https:\/\/petityu.com\/en\/wp-json\/wp\/v2\/product_cat?post=5880"},{"taxonomy":"product_tag","embeddable":true,"href":"https:\/\/petityu.com\/en\/wp-json\/wp\/v2\/product_tag?post=5880"}],"curies":[{"name":"wp","href":"https:\/\/api.w.org\/{rel}","templated":true}]}}