{"id":5882,"date":"2024-09-19T14:54:14","date_gmt":"2024-09-19T11:54:14","guid":{"rendered":"https:\/\/petityu.com\/grapes-leaves-represent-freedom-and-rebirth\/"},"modified":"2025-11-21T16:36:53","modified_gmt":"2025-11-21T13:36:53","slug":"grapes-leaves-represent-freedom-and-rebirth","status":"publish","type":"product","link":"https:\/\/petityu.com\/en\/grapes-leaves-represent-freedom-and-rebirth\/","title":{"rendered":"Grapes Leaves Represent Freedom And Rebirth \u00d6zel Tasar\u0131m Kolye"},"content":{"rendered":"<p><p>Bu alt\u0131n kolye, \u00f6zg\u00fcrl\u00fck ve yeniden do\u011fu\u015fu simgeleyen \u00fcz\u00fcm yapraklar\u0131ndan ilham alm\u0131\u015ft\u0131r. Zarif tasar\u0131m\u0131yla dikkat \u00e7eken bu kolye, hem g\u00fcnl\u00fck kullan\u0131m hem de \u00f6zel g\u00fcnlerde tercih edilebilecek ideal bir aksesuard\u0131r. Alt\u0131n rengi malzemesiyle hem modern hem de klasik tarzlar\u0131 harmanlayarak, her t\u00fcr k\u0131yafetle uyum sa\u011flar.;<\/p><\/p>","protected":false},"excerpt":{"rendered":"<p>Bu alt\u0131n kolye, \u00f6zg\u00fcrl\u00fck ve yeniden do\u011fu\u015fu simgeleyen \u00fcz\u00fcm yapraklar\u0131ndan ilham alm\u0131\u015ft\u0131r. Zarif tasar\u0131m\u0131yla dikkat \u00e7eken bu kolye, hem g\u00fcnl\u00fck kullan\u0131m hem de \u00f6zel g\u00fcnlerde&hellip;<\/p>","protected":false},"featured_media":5881,"template":"","meta":[],"product_brand":[],"product_cat":[1001,1002,15],"product_tag":[],"class_list":{"0":"post-5882","1":"product","2":"type-product","3":"status-publish","4":"has-post-thumbnail","6":"product_cat-anne","7":"product_cat-elyapimicamkolye","8":"product_cat-genel","10":"first","11":"instock","12":"taxable","13":"shipping-taxable","14":"purchasable","15":"product-type-simple"},"_links":{"self":[{"href":"https:\/\/petityu.com\/en\/wp-json\/wp\/v2\/product\/5882","targetHints":{"allow":["GET"]}}],"collection":[{"href":"https:\/\/petityu.com\/en\/wp-json\/wp\/v2\/product"}],"about":[{"href":"https:\/\/petityu.com\/en\/wp-json\/wp\/v2\/types\/product"}],"wp:featuredmedia":[{"embeddable":true,"href":"https:\/\/petityu.com\/en\/wp-json\/wp\/v2\/media\/5881"}],"wp:attachment":[{"href":"https:\/\/petityu.com\/en\/wp-json\/wp\/v2\/media?parent=5882"}],"wp:term":[{"taxonomy":"product_brand","embeddable":true,"href":"https:\/\/petityu.com\/en\/wp-json\/wp\/v2\/product_brand?post=5882"},{"taxonomy":"product_cat","embeddable":true,"href":"https:\/\/petityu.com\/en\/wp-json\/wp\/v2\/product_cat?post=5882"},{"taxonomy":"product_tag","embeddable":true,"href":"https:\/\/petityu.com\/en\/wp-json\/wp\/v2\/product_tag?post=5882"}],"curies":[{"name":"wp","href":"https:\/\/api.w.org\/{rel}","templated":true}]}}