{"id":5884,"date":"2024-09-19T14:54:23","date_gmt":"2024-09-19T11:54:23","guid":{"rendered":"https:\/\/petityu.com\/bodrum-altin-kolye\/"},"modified":"2025-11-21T16:29:27","modified_gmt":"2025-11-21T13:29:27","slug":"bodrum-altin-kolye","status":"publish","type":"product","link":"https:\/\/petityu.com\/en\/bodrum-altin-kolye\/","title":{"rendered":"Bodrum \u00d6zel Tasar\u0131m Alt\u0131n Kolye"},"content":{"rendered":"<p><p>Bodrum alt\u0131n kolye, zarif tasar\u0131m\u0131 ve kaliteli materyaliyle dikkat \u00e7ekici bir aksesuard\u0131r. Bu kolye, alt\u0131n renginin asaletini yans\u0131tarak her t\u00fcrl\u00fc k\u0131yafetinize sofistike bir dokunu\u015f katar. \u00d6zel g\u00fcnlerinizde veya g\u00fcnl\u00fck kullan\u0131mda tercih edebilece\u011finiz Bodrum alt\u0131n kolye, hem \u015f\u0131kl\u0131\u011f\u0131n\u0131z\u0131 tamamlayacak hem de g\u00f6z al\u0131c\u0131 bir par\u00e7a olacak.;<\/p><\/p>","protected":false},"excerpt":{"rendered":"<p>Bodrum alt\u0131n kolye, zarif tasar\u0131m\u0131 ve kaliteli materyaliyle dikkat \u00e7ekici bir aksesuard\u0131r. Bu kolye, alt\u0131n renginin asaletini yans\u0131tarak her t\u00fcrl\u00fc k\u0131yafetinize sofistike bir dokunu\u015f katar.&hellip;<\/p>","protected":false},"featured_media":5883,"template":"","meta":[],"product_brand":[],"product_cat":[15,1001,1002],"product_tag":[],"class_list":{"0":"post-5884","1":"product","2":"type-product","3":"status-publish","4":"has-post-thumbnail","6":"product_cat-genel","7":"product_cat-anne","8":"product_cat-elyapimicamkolye","10":"first","11":"instock","12":"taxable","13":"shipping-taxable","14":"purchasable","15":"product-type-simple"},"_links":{"self":[{"href":"https:\/\/petityu.com\/en\/wp-json\/wp\/v2\/product\/5884","targetHints":{"allow":["GET"]}}],"collection":[{"href":"https:\/\/petityu.com\/en\/wp-json\/wp\/v2\/product"}],"about":[{"href":"https:\/\/petityu.com\/en\/wp-json\/wp\/v2\/types\/product"}],"wp:featuredmedia":[{"embeddable":true,"href":"https:\/\/petityu.com\/en\/wp-json\/wp\/v2\/media\/5883"}],"wp:attachment":[{"href":"https:\/\/petityu.com\/en\/wp-json\/wp\/v2\/media?parent=5884"}],"wp:term":[{"taxonomy":"product_brand","embeddable":true,"href":"https:\/\/petityu.com\/en\/wp-json\/wp\/v2\/product_brand?post=5884"},{"taxonomy":"product_cat","embeddable":true,"href":"https:\/\/petityu.com\/en\/wp-json\/wp\/v2\/product_cat?post=5884"},{"taxonomy":"product_tag","embeddable":true,"href":"https:\/\/petityu.com\/en\/wp-json\/wp\/v2\/product_tag?post=5884"}],"curies":[{"name":"wp","href":"https:\/\/api.w.org\/{rel}","templated":true}]}}