{"id":5888,"date":"2024-09-19T14:54:44","date_gmt":"2024-09-19T11:54:44","guid":{"rendered":"https:\/\/petityu.com\/kaydirmaz-kislik-ev-patigi-corap-patik-23-25-2-3-yas-pembe\/"},"modified":"2026-01-23T21:57:37","modified_gmt":"2026-01-23T18:57:37","slug":"kaydirmaz-kislik-ev-patigi-corap-patik-23-25-2-3-yas-pembe","status":"publish","type":"product","link":"https:\/\/petityu.com\/en\/kaydirmaz-kislik-ev-patigi-corap-patik-23-25-2-3-yas-pembe\/","title":{"rendered":"Kayd\u0131rmaz K\u0131\u015fl\u0131k Ev Pati\u011fi &#8211; \u00c7orap Patik 24-25 (2-3 Ya\u015f) Pembe"},"content":{"rendered":"<p><p>Ev Terligi Patik&nbsp;24-25 numara<\/p><br \/>\n<p>2-3 Ya\u015f<\/p><br \/>\n<p>Pink<\/p><\/p>","protected":false},"excerpt":{"rendered":"<p>Ev Terligi Patik&nbsp;24-25 numara 2-3 Ya\u015f Pembe<\/p>","protected":false},"featured_media":5887,"template":"","meta":[],"product_brand":[],"product_cat":[15,935,977],"product_tag":[],"class_list":{"0":"post-5888","1":"product","2":"type-product","3":"status-publish","4":"has-post-thumbnail","6":"product_cat-genel","7":"product_cat-kizcocuk","8":"product_cat-patik-terlik-ev-ayakkabisi","10":"first","11":"instock","12":"taxable","13":"shipping-taxable","14":"purchasable","15":"product-type-simple"},"_links":{"self":[{"href":"https:\/\/petityu.com\/en\/wp-json\/wp\/v2\/product\/5888","targetHints":{"allow":["GET"]}}],"collection":[{"href":"https:\/\/petityu.com\/en\/wp-json\/wp\/v2\/product"}],"about":[{"href":"https:\/\/petityu.com\/en\/wp-json\/wp\/v2\/types\/product"}],"wp:featuredmedia":[{"embeddable":true,"href":"https:\/\/petityu.com\/en\/wp-json\/wp\/v2\/media\/5887"}],"wp:attachment":[{"href":"https:\/\/petityu.com\/en\/wp-json\/wp\/v2\/media?parent=5888"}],"wp:term":[{"taxonomy":"product_brand","embeddable":true,"href":"https:\/\/petityu.com\/en\/wp-json\/wp\/v2\/product_brand?post=5888"},{"taxonomy":"product_cat","embeddable":true,"href":"https:\/\/petityu.com\/en\/wp-json\/wp\/v2\/product_cat?post=5888"},{"taxonomy":"product_tag","embeddable":true,"href":"https:\/\/petityu.com\/en\/wp-json\/wp\/v2\/product_tag?post=5888"}],"curies":[{"name":"wp","href":"https:\/\/api.w.org\/{rel}","templated":true}]}}