{"id":5890,"date":"2024-09-19T14:54:53","date_gmt":"2024-09-19T11:54:53","guid":{"rendered":"https:\/\/petityu.com\/kaydirmaz-kislik-ev-patigi-corap-patik-23-25-2-3-yas-mavi\/"},"modified":"2026-03-15T11:57:43","modified_gmt":"2026-03-15T08:57:43","slug":"kaydirmaz-kislik-ev-patigi-corap-patik-23-25-2-3-yas-mavi","status":"publish","type":"product","link":"https:\/\/petityu.com\/en\/kaydirmaz-kislik-ev-patigi-corap-patik-23-25-2-3-yas-mavi\/","title":{"rendered":"Kayd\u0131rmaz K\u0131\u015fl\u0131k Ev Pati\u011fi &#8211; \u00c7orap Patik 24-25 (2-3 Ya\u015f) Mavi"},"content":{"rendered":"<p><p>S\u0131cac\u0131k tutar<\/p><br \/>\n<p>Blue<\/p><br \/>\n<p>24-25<\/p><br \/>\n<p>2-3 Ya\u015f<\/p><\/p>","protected":false},"excerpt":{"rendered":"<p>S\u0131cac\u0131k tutar Mavi 24-25 2-3 Ya\u015f<\/p>","protected":false},"featured_media":5889,"template":"","meta":[],"product_brand":[],"product_cat":[15,936,994],"product_tag":[],"class_list":{"0":"post-5890","1":"product","2":"type-product","3":"status-publish","4":"has-post-thumbnail","6":"product_cat-genel","7":"product_cat-erkekcocuk","8":"product_cat-patik-terlik-okul-evpanduf","10":"first","11":"outofstock","12":"taxable","13":"shipping-taxable","14":"purchasable","15":"product-type-simple"},"_links":{"self":[{"href":"https:\/\/petityu.com\/en\/wp-json\/wp\/v2\/product\/5890","targetHints":{"allow":["GET"]}}],"collection":[{"href":"https:\/\/petityu.com\/en\/wp-json\/wp\/v2\/product"}],"about":[{"href":"https:\/\/petityu.com\/en\/wp-json\/wp\/v2\/types\/product"}],"wp:featuredmedia":[{"embeddable":true,"href":"https:\/\/petityu.com\/en\/wp-json\/wp\/v2\/media\/5889"}],"wp:attachment":[{"href":"https:\/\/petityu.com\/en\/wp-json\/wp\/v2\/media?parent=5890"}],"wp:term":[{"taxonomy":"product_brand","embeddable":true,"href":"https:\/\/petityu.com\/en\/wp-json\/wp\/v2\/product_brand?post=5890"},{"taxonomy":"product_cat","embeddable":true,"href":"https:\/\/petityu.com\/en\/wp-json\/wp\/v2\/product_cat?post=5890"},{"taxonomy":"product_tag","embeddable":true,"href":"https:\/\/petityu.com\/en\/wp-json\/wp\/v2\/product_tag?post=5890"}],"curies":[{"name":"wp","href":"https:\/\/api.w.org\/{rel}","templated":true}]}}