{"id":5892,"date":"2024-09-19T14:55:12","date_gmt":"2024-09-19T11:55:12","guid":{"rendered":"https:\/\/petityu.com\/kaydirmaz-kislik-ev-patigi-corap-patik-23-25-2-3-yas-yesil\/"},"modified":"2026-03-16T16:00:18","modified_gmt":"2026-03-16T13:00:18","slug":"kaydirmaz-kislik-ev-patigi-corap-patik-23-25-2-3-yas-yesil","status":"publish","type":"product","link":"https:\/\/petityu.com\/en\/kaydirmaz-kislik-ev-patigi-corap-patik-23-25-2-3-yas-yesil\/","title":{"rendered":"Kayd\u0131rmaz K\u0131\u015fl\u0131k Ev Pati\u011fi &#8211; \u00c7orap Patik 24-25 (2-3 Ya\u015f) Ye\u015fil"},"content":{"rendered":"<p><p>Yumu\u015fac\u0131k \u00c7orap Kayd\u0131rmaz Terlik<\/p><br \/>\n<p>Green<\/p><br \/>\n<p>24-25 numara<\/p><br \/>\n<p>2-3 Ya\u015f<\/p><\/p>","protected":false},"excerpt":{"rendered":"<p>Yumu\u015fac\u0131k \u00c7orap Kayd\u0131rmaz Terlik Ye\u015fil 24-25 numara 2-3 Ya\u015f<\/p>","protected":false},"featured_media":5891,"template":"","meta":[],"product_brand":[],"product_cat":[936,15,994],"product_tag":[],"class_list":{"0":"post-5892","1":"product","2":"type-product","3":"status-publish","4":"has-post-thumbnail","6":"product_cat-erkekcocuk","7":"product_cat-genel","8":"product_cat-patik-terlik-okul-evpanduf","10":"first","11":"instock","12":"taxable","13":"shipping-taxable","14":"purchasable","15":"product-type-simple"},"_links":{"self":[{"href":"https:\/\/petityu.com\/en\/wp-json\/wp\/v2\/product\/5892","targetHints":{"allow":["GET"]}}],"collection":[{"href":"https:\/\/petityu.com\/en\/wp-json\/wp\/v2\/product"}],"about":[{"href":"https:\/\/petityu.com\/en\/wp-json\/wp\/v2\/types\/product"}],"wp:featuredmedia":[{"embeddable":true,"href":"https:\/\/petityu.com\/en\/wp-json\/wp\/v2\/media\/5891"}],"wp:attachment":[{"href":"https:\/\/petityu.com\/en\/wp-json\/wp\/v2\/media?parent=5892"}],"wp:term":[{"taxonomy":"product_brand","embeddable":true,"href":"https:\/\/petityu.com\/en\/wp-json\/wp\/v2\/product_brand?post=5892"},{"taxonomy":"product_cat","embeddable":true,"href":"https:\/\/petityu.com\/en\/wp-json\/wp\/v2\/product_cat?post=5892"},{"taxonomy":"product_tag","embeddable":true,"href":"https:\/\/petityu.com\/en\/wp-json\/wp\/v2\/product_tag?post=5892"}],"curies":[{"name":"wp","href":"https:\/\/api.w.org\/{rel}","templated":true}]}}