{"id":5903,"date":"2024-09-19T14:56:11","date_gmt":"2024-09-19T11:56:11","guid":{"rendered":"https:\/\/petityu.com\/sicak-tutan-corap-patik-kis-yenidogan-0-18-ay-pembe-ustu-kalpli\/"},"modified":"2025-09-09T15:25:49","modified_gmt":"2025-09-09T12:25:49","slug":"sicak-tutan-corap-patik-kis-yenidogan-0-18-ay-pembe-ustu-kalpli","status":"publish","type":"product","link":"https:\/\/petityu.com\/en\/sicak-tutan-corap-patik-kis-yenidogan-0-18-ay-pembe-ustu-kalpli\/","title":{"rendered":"Sicak Tutan \u00c7orap Patik K\u0131\u015f Yenido\u011fan 0-18 Ay Pembe Ustu Kalpli"},"content":{"rendered":"<p><p>0-18 aya uygundur<\/p><\/p>","protected":false},"excerpt":{"rendered":"<p>0-18 aya uygundur<\/p>","protected":false},"featured_media":5901,"template":"","meta":[],"product_brand":[],"product_cat":[15,935,977],"product_tag":[],"class_list":{"0":"post-5903","1":"product","2":"type-product","3":"status-publish","4":"has-post-thumbnail","6":"product_cat-genel","7":"product_cat-kizcocuk","8":"product_cat-patik-terlik-ev-ayakkabisi","10":"first","11":"outofstock","12":"taxable","13":"shipping-taxable","14":"purchasable","15":"product-type-simple"},"_links":{"self":[{"href":"https:\/\/petityu.com\/en\/wp-json\/wp\/v2\/product\/5903","targetHints":{"allow":["GET"]}}],"collection":[{"href":"https:\/\/petityu.com\/en\/wp-json\/wp\/v2\/product"}],"about":[{"href":"https:\/\/petityu.com\/en\/wp-json\/wp\/v2\/types\/product"}],"wp:featuredmedia":[{"embeddable":true,"href":"https:\/\/petityu.com\/en\/wp-json\/wp\/v2\/media\/5901"}],"wp:attachment":[{"href":"https:\/\/petityu.com\/en\/wp-json\/wp\/v2\/media?parent=5903"}],"wp:term":[{"taxonomy":"product_brand","embeddable":true,"href":"https:\/\/petityu.com\/en\/wp-json\/wp\/v2\/product_brand?post=5903"},{"taxonomy":"product_cat","embeddable":true,"href":"https:\/\/petityu.com\/en\/wp-json\/wp\/v2\/product_cat?post=5903"},{"taxonomy":"product_tag","embeddable":true,"href":"https:\/\/petityu.com\/en\/wp-json\/wp\/v2\/product_tag?post=5903"}],"curies":[{"name":"wp","href":"https:\/\/api.w.org\/{rel}","templated":true}]}}