{"id":5905,"date":"2024-09-19T14:56:22","date_gmt":"2024-09-19T11:56:22","guid":{"rendered":"https:\/\/petityu.com\/sicak-tutan-corap-patik-kis-yenidogan-0-18-ay-yesil-ustu-yildizli\/"},"modified":"2026-04-16T16:47:43","modified_gmt":"2026-04-16T13:47:43","slug":"sicak-tutan-corap-patik-kis-yenidogan-0-18-ay-yesil-ustu-yildizli","status":"publish","type":"product","link":"https:\/\/petityu.com\/en\/sicak-tutan-corap-patik-kis-yenidogan-0-18-ay-yesil-ustu-yildizli\/","title":{"rendered":"S\u0131cak Tutan \u00c7orap Patik K\u0131\u015f Yenido\u011fan 0-18 Ay Ye\u015fil \u00dcst\u00fc Y\u0131ld\u0131zl\u0131"},"content":{"rendered":"<p><p>Yenido\u011fan bebekler i\u00e7in \u00f6zel olarak tasarlanm\u0131\u015f, s\u0131cak tutan \u00e7orap patikler ile bebe\u011finizin ayaklar\u0131n\u0131 korur ve s\u0131cak tutar.; K\u0131\u015f aylar\u0131nda bebe\u011finizin ayaklar\u0131n\u0131n s\u0131cak kalmas\u0131n\u0131 sa\u011flayan \u00f6zel malzemeden \u00fcretilmi\u015ftir.; 0 ila 18 ay aras\u0131 bebekler i\u00e7in uygundur, bu nedenle bebe\u011finiz b\u00fcy\u00fcd\u00fck\u00e7e de kullanabilirsiniz.; Canl\u0131 ye\u015fil renk tonlar\u0131na sahip bu patikler, bebe\u011finizin ayaklar\u0131n\u0131 s\u00fcslerken ayn\u0131 zamanda stil sahibi bir g\u00f6r\u00fcn\u00fcm kazand\u0131r\u0131r.; Yumu\u015fak dokusuyla bebe\u011finizin hassas cildi i\u00e7in idealdir ve konforlu bir deneyim sa\u011flar.; Y\u0131ld\u0131z deseniyle bebe\u011finizin odas\u0131na ne\u015fe katar ve sevimli bir detay olarak \u00f6ne \u00e7\u0131kar.;<\/p><\/p>","protected":false},"excerpt":{"rendered":"<p>Yenido\u011fan bebekler i\u00e7in \u00f6zel olarak tasarlanm\u0131\u015f, s\u0131cak tutan \u00e7orap patikler ile bebe\u011finizin ayaklar\u0131n\u0131 korur ve s\u0131cak tutar.; K\u0131\u015f aylar\u0131nda bebe\u011finizin ayaklar\u0131n\u0131n s\u0131cak kalmas\u0131n\u0131 sa\u011flayan \u00f6zel&hellip;<\/p>","protected":false},"featured_media":5904,"template":"","meta":[],"product_brand":[],"product_cat":[936,15,994],"product_tag":[],"class_list":{"0":"post-5905","1":"product","2":"type-product","3":"status-publish","4":"has-post-thumbnail","6":"product_cat-erkekcocuk","7":"product_cat-genel","8":"product_cat-patik-terlik-okul-evpanduf","10":"first","11":"instock","12":"taxable","13":"shipping-taxable","14":"purchasable","15":"product-type-simple"},"_links":{"self":[{"href":"https:\/\/petityu.com\/en\/wp-json\/wp\/v2\/product\/5905","targetHints":{"allow":["GET"]}}],"collection":[{"href":"https:\/\/petityu.com\/en\/wp-json\/wp\/v2\/product"}],"about":[{"href":"https:\/\/petityu.com\/en\/wp-json\/wp\/v2\/types\/product"}],"wp:featuredmedia":[{"embeddable":true,"href":"https:\/\/petityu.com\/en\/wp-json\/wp\/v2\/media\/5904"}],"wp:attachment":[{"href":"https:\/\/petityu.com\/en\/wp-json\/wp\/v2\/media?parent=5905"}],"wp:term":[{"taxonomy":"product_brand","embeddable":true,"href":"https:\/\/petityu.com\/en\/wp-json\/wp\/v2\/product_brand?post=5905"},{"taxonomy":"product_cat","embeddable":true,"href":"https:\/\/petityu.com\/en\/wp-json\/wp\/v2\/product_cat?post=5905"},{"taxonomy":"product_tag","embeddable":true,"href":"https:\/\/petityu.com\/en\/wp-json\/wp\/v2\/product_tag?post=5905"}],"curies":[{"name":"wp","href":"https:\/\/api.w.org\/{rel}","templated":true}]}}