{"id":5912,"date":"2024-09-19T14:56:59","date_gmt":"2024-09-19T11:56:59","guid":{"rendered":"https:\/\/petityu.com\/snoopy-pembe-pufudik-sirin-mont\/"},"modified":"2026-01-14T16:32:01","modified_gmt":"2026-01-14T13:32:01","slug":"snoopy-pembe-pufudik-sirin-mont","status":"publish","type":"product","link":"https:\/\/petityu.com\/en\/snoopy-pembe-pufudik-sirin-mont\/","title":{"rendered":"Snoopy Pembe Pufudik \u015eirin Mont 2-3 Ya\u015f"},"content":{"rendered":"<p><p>2-3 ya\u015fa uygundur<\/p><\/p>","protected":false},"excerpt":{"rendered":"<p>2-3 ya\u015fa uygundur<\/p>","protected":false},"featured_media":5911,"template":"","meta":[],"product_brand":[],"product_cat":[15,935,983],"product_tag":[],"class_list":{"0":"post-5912","1":"product","2":"type-product","3":"status-publish","4":"has-post-thumbnail","6":"product_cat-genel","7":"product_cat-kizcocuk","8":"product_cat-mont-puffy-yelek","10":"first","11":"instock","12":"taxable","13":"shipping-taxable","14":"purchasable","15":"product-type-simple"},"_links":{"self":[{"href":"https:\/\/petityu.com\/en\/wp-json\/wp\/v2\/product\/5912","targetHints":{"allow":["GET"]}}],"collection":[{"href":"https:\/\/petityu.com\/en\/wp-json\/wp\/v2\/product"}],"about":[{"href":"https:\/\/petityu.com\/en\/wp-json\/wp\/v2\/types\/product"}],"wp:featuredmedia":[{"embeddable":true,"href":"https:\/\/petityu.com\/en\/wp-json\/wp\/v2\/media\/5911"}],"wp:attachment":[{"href":"https:\/\/petityu.com\/en\/wp-json\/wp\/v2\/media?parent=5912"}],"wp:term":[{"taxonomy":"product_brand","embeddable":true,"href":"https:\/\/petityu.com\/en\/wp-json\/wp\/v2\/product_brand?post=5912"},{"taxonomy":"product_cat","embeddable":true,"href":"https:\/\/petityu.com\/en\/wp-json\/wp\/v2\/product_cat?post=5912"},{"taxonomy":"product_tag","embeddable":true,"href":"https:\/\/petityu.com\/en\/wp-json\/wp\/v2\/product_tag?post=5912"}],"curies":[{"name":"wp","href":"https:\/\/api.w.org\/{rel}","templated":true}]}}