{"id":5918,"date":"2024-09-19T14:57:44","date_gmt":"2024-09-19T11:57:44","guid":{"rendered":"https:\/\/petityu.com\/bunnies-in-town-ici-kurklu-kolay-giyilen-bot-kar-botu-22-23-okul-ayakkabisi-pembe\/"},"modified":"2025-08-29T13:05:51","modified_gmt":"2025-08-29T10:05:51","slug":"bunnies-in-town-ici-kurklu-kolay-giyilen-bot-kar-botu-22-23-okul-ayakkabisi-pembe","status":"publish","type":"product","link":"https:\/\/petityu.com\/en\/bunnies-in-town-ici-kurklu-kolay-giyilen-bot-kar-botu-22-23-okul-ayakkabisi-pembe\/","title":{"rendered":"Bunnies In Town &#8211; I\u00e7i K\u00fcrkl\u00fc Kolay Giyilen Bot &#8211; Kar Botu 22-23- Okul Ayakkabisi Pembe"},"content":{"rendered":"<p>ici kurklu sicak tutan yumusak bot<\/p>","protected":false},"excerpt":{"rendered":"<p>ici kurklu sicak tutan yumusak bot<\/p>","protected":false},"featured_media":5913,"template":"","meta":[],"product_brand":[],"product_cat":[978,15,935],"product_tag":[],"class_list":{"0":"post-5918","1":"product","2":"type-product","3":"status-publish","4":"has-post-thumbnail","6":"product_cat-bot","7":"product_cat-genel","8":"product_cat-kizcocuk","10":"first","11":"outofstock","12":"taxable","13":"shipping-taxable","14":"purchasable","15":"product-type-simple"},"_links":{"self":[{"href":"https:\/\/petityu.com\/en\/wp-json\/wp\/v2\/product\/5918","targetHints":{"allow":["GET"]}}],"collection":[{"href":"https:\/\/petityu.com\/en\/wp-json\/wp\/v2\/product"}],"about":[{"href":"https:\/\/petityu.com\/en\/wp-json\/wp\/v2\/types\/product"}],"wp:featuredmedia":[{"embeddable":true,"href":"https:\/\/petityu.com\/en\/wp-json\/wp\/v2\/media\/5913"}],"wp:attachment":[{"href":"https:\/\/petityu.com\/en\/wp-json\/wp\/v2\/media?parent=5918"}],"wp:term":[{"taxonomy":"product_brand","embeddable":true,"href":"https:\/\/petityu.com\/en\/wp-json\/wp\/v2\/product_brand?post=5918"},{"taxonomy":"product_cat","embeddable":true,"href":"https:\/\/petityu.com\/en\/wp-json\/wp\/v2\/product_cat?post=5918"},{"taxonomy":"product_tag","embeddable":true,"href":"https:\/\/petityu.com\/en\/wp-json\/wp\/v2\/product_tag?post=5918"}],"curies":[{"name":"wp","href":"https:\/\/api.w.org\/{rel}","templated":true}]}}