{"id":5927,"date":"2024-09-19T14:58:43","date_gmt":"2024-09-19T11:58:43","guid":{"rendered":"https:\/\/petityu.com\/3-8-yas-sari-cocuk-gunes-gozlugu-400-uv-korumali-yuvarlak-cir2030\/"},"modified":"2026-03-13T14:37:15","modified_gmt":"2026-03-13T11:37:15","slug":"3-8-yas-sari-cocuk-gunes-gozlugu-400-uv-korumali-yuvarlak-cir2030","status":"publish","type":"product","link":"https:\/\/petityu.com\/en\/3-8-yas-sari-cocuk-gunes-gozlugu-400-uv-korumali-yuvarlak-cir2030\/","title":{"rendered":"3-8 Ya\u015f Sar\u0131 \u00c7ocuk G\u00fcne\u015f G\u00f6zl\u00fc\u011f\u00fc 400 Uv Korumal\u0131 Yuvarlak Cir2030"},"content":{"rendered":"<p><p>\u00c7ocuklar\u0131n g\u00f6zlerini zararl\u0131 UV \u0131\u015f\u0131nlar\u0131ndan koruyan bu g\u00fcne\u015f g\u00f6zl\u00fckleri, 3 ila 8 ya\u015f aras\u0131 minikler i\u00e7in idealdir. Sar\u0131 cam rengi ile dikkat \u00e7ekici bir g\u00f6r\u00fcn\u00fcm sunan bu g\u00f6zl\u00fckler, yuvarlak \u00e7er\u00e7eve formu sayesinde \u00e7ocuklar\u0131n y\u00fcz hatlar\u0131na uyum sa\u011flar ve rahat bir kullan\u0131m sunar. UV koruma \u00f6zelli\u011fi ile \u00e7ocuklar\u0131n g\u00f6z sa\u011fl\u0131\u011f\u0131n\u0131 \u00f6n planda tutan bu g\u00fcne\u015f g\u00f6zl\u00fckleri, hem stil sahibi hem de fonksiyonel bir aksesuard\u0131r.;<\/p><\/p>","protected":false},"excerpt":{"rendered":"<p>\u00c7ocuklar\u0131n g\u00f6zlerini zararl\u0131 UV \u0131\u015f\u0131nlar\u0131ndan koruyan bu g\u00fcne\u015f g\u00f6zl\u00fckleri, 3 ila 8 ya\u015f aras\u0131 minikler i\u00e7in idealdir. Sar\u0131 cam rengi ile dikkat \u00e7ekici bir g\u00f6r\u00fcn\u00fcm&hellip;<\/p>","protected":false},"featured_media":5919,"template":"","meta":[],"product_brand":[],"product_cat":[15,936,979,993,935],"product_tag":[],"class_list":{"0":"post-5927","1":"product","2":"type-product","3":"status-publish","4":"has-post-thumbnail","6":"product_cat-genel","7":"product_cat-erkekcocuk","8":"product_cat-gunes-gozlugu","9":"product_cat-gunes-gozlugu-erkekcocuk","10":"product_cat-kizcocuk","12":"first","13":"instock","14":"taxable","15":"shipping-taxable","16":"purchasable","17":"product-type-simple"},"_links":{"self":[{"href":"https:\/\/petityu.com\/en\/wp-json\/wp\/v2\/product\/5927","targetHints":{"allow":["GET"]}}],"collection":[{"href":"https:\/\/petityu.com\/en\/wp-json\/wp\/v2\/product"}],"about":[{"href":"https:\/\/petityu.com\/en\/wp-json\/wp\/v2\/types\/product"}],"wp:featuredmedia":[{"embeddable":true,"href":"https:\/\/petityu.com\/en\/wp-json\/wp\/v2\/media\/5919"}],"wp:attachment":[{"href":"https:\/\/petityu.com\/en\/wp-json\/wp\/v2\/media?parent=5927"}],"wp:term":[{"taxonomy":"product_brand","embeddable":true,"href":"https:\/\/petityu.com\/en\/wp-json\/wp\/v2\/product_brand?post=5927"},{"taxonomy":"product_cat","embeddable":true,"href":"https:\/\/petityu.com\/en\/wp-json\/wp\/v2\/product_cat?post=5927"},{"taxonomy":"product_tag","embeddable":true,"href":"https:\/\/petityu.com\/en\/wp-json\/wp\/v2\/product_tag?post=5927"}],"curies":[{"name":"wp","href":"https:\/\/api.w.org\/{rel}","templated":true}]}}