{"id":5936,"date":"2024-09-19T14:59:40","date_gmt":"2024-09-19T11:59:40","guid":{"rendered":"https:\/\/petityu.com\/3-8-yas-cool-ayicik-cocuk-gunes-gozlugu-400-uv-koruma-yesil\/"},"modified":"2026-03-18T16:11:04","modified_gmt":"2026-03-18T13:11:04","slug":"3-8-yas-cool-ayicik-cocuk-gunes-gozlugu-400-uv-koruma-yesil","status":"publish","type":"product","link":"https:\/\/petityu.com\/en\/3-8-yas-cool-ayicik-cocuk-gunes-gozlugu-400-uv-koruma-yesil\/","title":{"rendered":"3-8 Ya\u015f Cool Ay\u0131c\u0131k \u00c7ocuk G\u00fcne\u015f G\u00f6zl\u00fc\u011f\u00fc 400 Uv Koruma &#8211; Ye\u015fil"},"content":{"rendered":"<p><p>\u00c7ocuklar\u0131n g\u00f6zlerini UV \u0131\u015f\u0131nlar\u0131ndan koruyacak \u015fekilde tasarlanm\u0131\u015f bu ye\u015fil renkteki g\u00fcne\u015f g\u00f6zl\u00fckleri, 3 ila 8 ya\u015f aras\u0131 minikler i\u00e7in idealdir. Plastik \u00e7er\u00e7eve yap\u0131s\u0131 sayesinde hafif ve rahat bir kullan\u0131m sunar. Mat kahverengi camlar\u0131 ile \u00e7ocuklar\u0131n g\u00f6zlerini zararl\u0131 g\u00fcne\u015f \u0131\u015f\u0131nlar\u0131ndan etkili bir \u015fekilde korurken, yuvarlak \u00e7er\u00e7eve tasar\u0131m\u0131 \u015f\u0131k ve modern bir g\u00f6r\u00fcn\u00fcm kazand\u0131r\u0131r. UV400 cam materyali ile y\u00fcksek d\u00fczeyde g\u00fcne\u015f korumas\u0131 sa\u011flayarak \u00e7ocuklar\u0131n g\u00f6z sa\u011fl\u0131\u011f\u0131na \u00f6nem verir.;<\/p><\/p>","protected":false},"excerpt":{"rendered":"<p>\u00c7ocuklar\u0131n g\u00f6zlerini UV \u0131\u015f\u0131nlar\u0131ndan koruyacak \u015fekilde tasarlanm\u0131\u015f bu ye\u015fil renkteki g\u00fcne\u015f g\u00f6zl\u00fckleri, 3 ila 8 ya\u015f aras\u0131 minikler i\u00e7in idealdir. Plastik \u00e7er\u00e7eve yap\u0131s\u0131 sayesinde hafif&hellip;<\/p>","protected":false},"featured_media":5928,"template":"","meta":[],"product_brand":[],"product_cat":[15,936,979,993,935],"product_tag":[],"class_list":{"0":"post-5936","1":"product","2":"type-product","3":"status-publish","4":"has-post-thumbnail","6":"product_cat-genel","7":"product_cat-erkekcocuk","8":"product_cat-gunes-gozlugu","9":"product_cat-gunes-gozlugu-erkekcocuk","10":"product_cat-kizcocuk","12":"first","13":"instock","14":"taxable","15":"shipping-taxable","16":"purchasable","17":"product-type-simple"},"_links":{"self":[{"href":"https:\/\/petityu.com\/en\/wp-json\/wp\/v2\/product\/5936","targetHints":{"allow":["GET"]}}],"collection":[{"href":"https:\/\/petityu.com\/en\/wp-json\/wp\/v2\/product"}],"about":[{"href":"https:\/\/petityu.com\/en\/wp-json\/wp\/v2\/types\/product"}],"wp:featuredmedia":[{"embeddable":true,"href":"https:\/\/petityu.com\/en\/wp-json\/wp\/v2\/media\/5928"}],"wp:attachment":[{"href":"https:\/\/petityu.com\/en\/wp-json\/wp\/v2\/media?parent=5936"}],"wp:term":[{"taxonomy":"product_brand","embeddable":true,"href":"https:\/\/petityu.com\/en\/wp-json\/wp\/v2\/product_brand?post=5936"},{"taxonomy":"product_cat","embeddable":true,"href":"https:\/\/petityu.com\/en\/wp-json\/wp\/v2\/product_cat?post=5936"},{"taxonomy":"product_tag","embeddable":true,"href":"https:\/\/petityu.com\/en\/wp-json\/wp\/v2\/product_tag?post=5936"}],"curies":[{"name":"wp","href":"https:\/\/api.w.org\/{rel}","templated":true}]}}