{"id":5940,"date":"2024-09-19T15:00:05","date_gmt":"2024-09-19T12:00:05","guid":{"rendered":"https:\/\/petityu.com\/uv-gunes-korumali-sapka-laci-turuncu-mavi-kopekbaligi-sapka-2-4-yas-52-cm\/"},"modified":"2026-03-26T15:59:03","modified_gmt":"2026-03-26T12:59:03","slug":"uv-gunes-korumali-sapka-laci-turuncu-mavi-kopekbaligi-sapka-2-4-yas-52-cm","status":"publish","type":"product","link":"https:\/\/petityu.com\/en\/uv-gunes-korumali-sapka-laci-turuncu-mavi-kopekbaligi-sapka-2-4-yas-52-cm\/","title":{"rendered":"Uv Gunes Korumal\u0131 \u015eapka \u2013 Laci Turuncu Mavi Kopekbaligi Sapka 1-3 Ya\u015f"},"content":{"rendered":"<p><p>UV koruma \u00f6zelli\u011fi sayesinde bebe\u011finizin g\u00fcne\u015ften zarar g\u00f6rmesini \u00f6nler.; Laci turuncu mavi renkleriyle dikkat \u00e7eken, sevimli k\u00f6pekbal\u0131\u011f\u0131 tasar\u0131m\u0131 ile \u00e7ocuklar\u0131n ilgisini \u00e7eker.; Standart boyutu olan 50 cm \u00e7ap\u0131nda, ayarlanabilir sap k\u0131sm\u0131 ile her kafaya uygunluk sa\u011flar.; G\u00fcne\u015fli g\u00fcnlerde bebe\u011finizin g\u00fcne\u015ften korunmas\u0131 i\u00e7in idealdir.;<\/p><\/p>","protected":false},"excerpt":{"rendered":"<p>UV koruma \u00f6zelli\u011fi sayesinde bebe\u011finizin g\u00fcne\u015ften zarar g\u00f6rmesini \u00f6nler.; Laci turuncu mavi renkleriyle dikkat \u00e7eken, sevimli k\u00f6pekbal\u0131\u011f\u0131 tasar\u0131m\u0131 ile \u00e7ocuklar\u0131n ilgisini \u00e7eker.; Standart boyutu olan&hellip;<\/p>","protected":false},"featured_media":5938,"template":"","meta":[],"product_brand":[],"product_cat":[15,936,996],"product_tag":[],"class_list":{"0":"post-5940","1":"product","2":"type-product","3":"status-publish","4":"has-post-thumbnail","6":"product_cat-genel","7":"product_cat-erkekcocuk","8":"product_cat-sapka-erkekcocuk","10":"first","11":"instock","12":"taxable","13":"shipping-taxable","14":"purchasable","15":"product-type-simple"},"_links":{"self":[{"href":"https:\/\/petityu.com\/en\/wp-json\/wp\/v2\/product\/5940","targetHints":{"allow":["GET"]}}],"collection":[{"href":"https:\/\/petityu.com\/en\/wp-json\/wp\/v2\/product"}],"about":[{"href":"https:\/\/petityu.com\/en\/wp-json\/wp\/v2\/types\/product"}],"wp:featuredmedia":[{"embeddable":true,"href":"https:\/\/petityu.com\/en\/wp-json\/wp\/v2\/media\/5938"}],"wp:attachment":[{"href":"https:\/\/petityu.com\/en\/wp-json\/wp\/v2\/media?parent=5940"}],"wp:term":[{"taxonomy":"product_brand","embeddable":true,"href":"https:\/\/petityu.com\/en\/wp-json\/wp\/v2\/product_brand?post=5940"},{"taxonomy":"product_cat","embeddable":true,"href":"https:\/\/petityu.com\/en\/wp-json\/wp\/v2\/product_cat?post=5940"},{"taxonomy":"product_tag","embeddable":true,"href":"https:\/\/petityu.com\/en\/wp-json\/wp\/v2\/product_tag?post=5940"}],"curies":[{"name":"wp","href":"https:\/\/api.w.org\/{rel}","templated":true}]}}