{"id":5943,"date":"2024-09-19T15:00:24","date_gmt":"2024-09-19T12:00:24","guid":{"rendered":"https:\/\/petityu.com\/iskandinav-su-gecirmez-sirin-pembe-cicek-desenli-bebek-onlugu\/"},"modified":"2026-03-31T18:16:26","modified_gmt":"2026-03-31T15:16:26","slug":"iskandinav-su-gecirmez-sirin-pembe-cicek-desenli-bebek-onlugu","status":"publish","type":"product","link":"https:\/\/petityu.com\/en\/iskandinav-su-gecirmez-sirin-pembe-cicek-desenli-bebek-onlugu\/","title":{"rendered":"\u0130skandinav Su Ge\u00e7irmez \u015eirin Pembe \u00c7i\u00e7ek Desenli Bebek Mama \u00d6nl\u00fc\u011f\u00fc"},"content":{"rendered":"<p><p>Su ge\u00e7irmez 6-36 ay i\u00e7in bebek mama onlu\u011fu.<\/p><\/p>","protected":false},"excerpt":{"rendered":"<p>Su ge\u00e7irmez 6-36 ay i\u00e7in bebek mama onlu\u011fu.<\/p>","protected":false},"featured_media":5937,"template":"","meta":[],"product_brand":[],"product_cat":[15,935,986],"product_tag":[],"class_list":{"0":"post-5943","1":"product","2":"type-product","3":"status-publish","4":"has-post-thumbnail","6":"product_cat-genel","7":"product_cat-kizcocuk","8":"product_cat-mama-onlugu-kizcocuk","10":"first","11":"instock","12":"taxable","13":"shipping-taxable","14":"purchasable","15":"product-type-simple"},"_links":{"self":[{"href":"https:\/\/petityu.com\/en\/wp-json\/wp\/v2\/product\/5943","targetHints":{"allow":["GET"]}}],"collection":[{"href":"https:\/\/petityu.com\/en\/wp-json\/wp\/v2\/product"}],"about":[{"href":"https:\/\/petityu.com\/en\/wp-json\/wp\/v2\/types\/product"}],"wp:featuredmedia":[{"embeddable":true,"href":"https:\/\/petityu.com\/en\/wp-json\/wp\/v2\/media\/5937"}],"wp:attachment":[{"href":"https:\/\/petityu.com\/en\/wp-json\/wp\/v2\/media?parent=5943"}],"wp:term":[{"taxonomy":"product_brand","embeddable":true,"href":"https:\/\/petityu.com\/en\/wp-json\/wp\/v2\/product_brand?post=5943"},{"taxonomy":"product_cat","embeddable":true,"href":"https:\/\/petityu.com\/en\/wp-json\/wp\/v2\/product_cat?post=5943"},{"taxonomy":"product_tag","embeddable":true,"href":"https:\/\/petityu.com\/en\/wp-json\/wp\/v2\/product_tag?post=5943"}],"curies":[{"name":"wp","href":"https:\/\/api.w.org\/{rel}","templated":true}]}}