{"id":5947,"date":"2024-09-19T15:00:42","date_gmt":"2024-09-19T12:00:42","guid":{"rendered":"https:\/\/petityu.com\/uv-gunes-korumali-sapka-upf50-laci-turuncu-mavi-kopekbaligi-sapka-2-6-yas\/"},"modified":"2026-03-26T15:57:29","modified_gmt":"2026-03-26T12:57:29","slug":"uv-gunes-korumali-sapka-upf50-laci-turuncu-mavi-kopekbaligi-sapka-2-6-yas","status":"publish","type":"product","link":"https:\/\/petityu.com\/en\/uv-gunes-korumali-sapka-upf50-laci-turuncu-mavi-kopekbaligi-sapka-2-6-yas\/","title":{"rendered":"Uv G\u00fcne\u015f Korumal\u0131 \u015eapka \u2013 Upf50 Laci Turuncu Mavi K\u00f6pekbal\u0131\u011f\u0131 \u015eapka 2-6 Ya\u015f"},"content":{"rendered":"<p><p>Petityu Uv Gunes Korumal\u0131 \u015eapka \u2013 Upf50 Laci Turuncu Mavi Kopekbaligi Sapka 2-6 yas 54 cm cap<\/p><\/p>","protected":false},"excerpt":{"rendered":"<p>Petityu Uv Gunes Korumal\u0131 \u015eapka \u2013 Upf50 Laci Turuncu Mavi Kopekbaligi Sapka 2-6 yas 54 cm cap<\/p>","protected":false},"featured_media":5945,"template":"","meta":[],"product_brand":[],"product_cat":[936,15,996],"product_tag":[],"class_list":{"0":"post-5947","1":"product","2":"type-product","3":"status-publish","4":"has-post-thumbnail","6":"product_cat-erkekcocuk","7":"product_cat-genel","8":"product_cat-sapka-erkekcocuk","10":"first","11":"instock","12":"taxable","13":"shipping-taxable","14":"purchasable","15":"product-type-simple"},"_links":{"self":[{"href":"https:\/\/petityu.com\/en\/wp-json\/wp\/v2\/product\/5947","targetHints":{"allow":["GET"]}}],"collection":[{"href":"https:\/\/petityu.com\/en\/wp-json\/wp\/v2\/product"}],"about":[{"href":"https:\/\/petityu.com\/en\/wp-json\/wp\/v2\/types\/product"}],"wp:featuredmedia":[{"embeddable":true,"href":"https:\/\/petityu.com\/en\/wp-json\/wp\/v2\/media\/5945"}],"wp:attachment":[{"href":"https:\/\/petityu.com\/en\/wp-json\/wp\/v2\/media?parent=5947"}],"wp:term":[{"taxonomy":"product_brand","embeddable":true,"href":"https:\/\/petityu.com\/en\/wp-json\/wp\/v2\/product_brand?post=5947"},{"taxonomy":"product_cat","embeddable":true,"href":"https:\/\/petityu.com\/en\/wp-json\/wp\/v2\/product_cat?post=5947"},{"taxonomy":"product_tag","embeddable":true,"href":"https:\/\/petityu.com\/en\/wp-json\/wp\/v2\/product_tag?post=5947"}],"curies":[{"name":"wp","href":"https:\/\/api.w.org\/{rel}","templated":true}]}}