{"id":5953,"date":"2024-09-19T15:01:14","date_gmt":"2024-09-19T12:01:14","guid":{"rendered":"https:\/\/petityu.com\/3-8-yas-cool-ayicik-cocuk-gunes-gozlugu-400-uv-koruma-acik-pembe\/"},"modified":"2026-03-13T14:38:43","modified_gmt":"2026-03-13T11:38:43","slug":"3-8-yas-cool-ayicik-cocuk-gunes-gozlugu-400-uv-koruma-acik-pembe","status":"publish","type":"product","link":"https:\/\/petityu.com\/en\/3-8-yas-cool-ayicik-cocuk-gunes-gozlugu-400-uv-koruma-acik-pembe\/","title":{"rendered":"3-8 Ya\u015f Cool Ay\u0131c\u0131k \u00c7ocuk G\u00fcne\u015f G\u00f6zl\u00fc\u011f\u00fc 400 Uv Koruma A\u00e7\u0131k Pembe"},"content":{"rendered":"<p><p>3 ila 8 ya\u015f aras\u0131 \u00e7ocuklar\u0131n g\u00f6zlerini g\u00fcne\u015fin zararl\u0131 UV \u0131\u015f\u0131nlar\u0131ndan koruyan, pembe renkli camlara sahip \u00e7ocuk g\u00fcne\u015f g\u00f6zl\u00fckleri.; \u00c7er\u00e7eveli yap\u0131s\u0131 ile dayan\u0131kl\u0131 ve \u015f\u0131k bir tasar\u0131ma sahiptir; bu sayede \u00e7ocuklar\u0131n g\u00fcnl\u00fck aktivitelerinde rahatl\u0131kla kullanabilirler.; UV400 koruma \u00f6zelli\u011fi sayesinde, g\u00f6zlerini zararl\u0131 ultraviyole \u0131\u015f\u0131nlar\u0131na kar\u015f\u0131 maksimum d\u00fczeyde korurken, mavi \u0131\u015f\u0131\u011fa maruz kalman\u0131n da \u00f6n\u00fcne ge\u00e7er.; Pembe renkli camlar\u0131 ile \u00e7ocuklar\u0131n estetik zevkine hitap ederken, ayn\u0131 zamanda g\u00fcne\u015fin parlakl\u0131\u011f\u0131n\u0131 filtreleyerek daha rahat bir g\u00f6r\u00fc\u015f sa\u011flar.;<\/p><\/p>","protected":false},"excerpt":{"rendered":"<p>3 ila 8 ya\u015f aras\u0131 \u00e7ocuklar\u0131n g\u00f6zlerini g\u00fcne\u015fin zararl\u0131 UV \u0131\u015f\u0131nlar\u0131ndan koruyan, pembe renkli camlara sahip \u00e7ocuk g\u00fcne\u015f g\u00f6zl\u00fckleri.; \u00c7er\u00e7eveli yap\u0131s\u0131 ile dayan\u0131kl\u0131 ve \u015f\u0131k&hellip;<\/p>","protected":false},"featured_media":5942,"template":"","meta":[],"product_brand":[],"product_cat":[15,979,935],"product_tag":[],"class_list":{"0":"post-5953","1":"product","2":"type-product","3":"status-publish","4":"has-post-thumbnail","6":"product_cat-genel","7":"product_cat-gunes-gozlugu","8":"product_cat-kizcocuk","10":"first","11":"instock","12":"taxable","13":"shipping-taxable","14":"purchasable","15":"product-type-simple"},"_links":{"self":[{"href":"https:\/\/petityu.com\/en\/wp-json\/wp\/v2\/product\/5953","targetHints":{"allow":["GET"]}}],"collection":[{"href":"https:\/\/petityu.com\/en\/wp-json\/wp\/v2\/product"}],"about":[{"href":"https:\/\/petityu.com\/en\/wp-json\/wp\/v2\/types\/product"}],"wp:featuredmedia":[{"embeddable":true,"href":"https:\/\/petityu.com\/en\/wp-json\/wp\/v2\/media\/5942"}],"wp:attachment":[{"href":"https:\/\/petityu.com\/en\/wp-json\/wp\/v2\/media?parent=5953"}],"wp:term":[{"taxonomy":"product_brand","embeddable":true,"href":"https:\/\/petityu.com\/en\/wp-json\/wp\/v2\/product_brand?post=5953"},{"taxonomy":"product_cat","embeddable":true,"href":"https:\/\/petityu.com\/en\/wp-json\/wp\/v2\/product_cat?post=5953"},{"taxonomy":"product_tag","embeddable":true,"href":"https:\/\/petityu.com\/en\/wp-json\/wp\/v2\/product_tag?post=5953"}],"curies":[{"name":"wp","href":"https:\/\/api.w.org\/{rel}","templated":true}]}}