{"id":5954,"date":"2024-09-19T15:01:18","date_gmt":"2024-09-19T12:01:18","guid":{"rendered":"https:\/\/petityu.com\/uv-gunes-korumali-sapka-0-2-yas-beyaz-insaat-desenli-kepce-kamyon-sapka\/"},"modified":"2026-03-26T15:52:57","modified_gmt":"2026-03-26T12:52:57","slug":"uv-gunes-korumali-sapka-0-2-yas-beyaz-insaat-desenli-kepce-kamyon-sapka","status":"publish","type":"product","link":"https:\/\/petityu.com\/en\/uv-gunes-korumali-sapka-0-2-yas-beyaz-insaat-desenli-kepce-kamyon-sapka\/","title":{"rendered":"Uv Gunes Korumal\u0131 \u015eapka 0-2 Ya\u015f\u2013 Beyaz Insaat Desenli &#8211; Kepce Kamyon Sapka"},"content":{"rendered":"<p><p>48-50cm<\/p><br \/>\n<p>0-2 Ya\u015f<\/p><\/p>","protected":false},"excerpt":{"rendered":"<p>48-50cm 0-2 Ya\u015f<\/p>","protected":false},"featured_media":5952,"template":"","meta":[],"product_brand":[],"product_cat":[15,936,996],"product_tag":[],"class_list":{"0":"post-5954","1":"product","2":"type-product","3":"status-publish","4":"has-post-thumbnail","6":"product_cat-genel","7":"product_cat-erkekcocuk","8":"product_cat-sapka-erkekcocuk","10":"first","11":"instock","12":"taxable","13":"shipping-taxable","14":"purchasable","15":"product-type-simple"},"_links":{"self":[{"href":"https:\/\/petityu.com\/en\/wp-json\/wp\/v2\/product\/5954","targetHints":{"allow":["GET"]}}],"collection":[{"href":"https:\/\/petityu.com\/en\/wp-json\/wp\/v2\/product"}],"about":[{"href":"https:\/\/petityu.com\/en\/wp-json\/wp\/v2\/types\/product"}],"wp:featuredmedia":[{"embeddable":true,"href":"https:\/\/petityu.com\/en\/wp-json\/wp\/v2\/media\/5952"}],"wp:attachment":[{"href":"https:\/\/petityu.com\/en\/wp-json\/wp\/v2\/media?parent=5954"}],"wp:term":[{"taxonomy":"product_brand","embeddable":true,"href":"https:\/\/petityu.com\/en\/wp-json\/wp\/v2\/product_brand?post=5954"},{"taxonomy":"product_cat","embeddable":true,"href":"https:\/\/petityu.com\/en\/wp-json\/wp\/v2\/product_cat?post=5954"},{"taxonomy":"product_tag","embeddable":true,"href":"https:\/\/petityu.com\/en\/wp-json\/wp\/v2\/product_tag?post=5954"}],"curies":[{"name":"wp","href":"https:\/\/api.w.org\/{rel}","templated":true}]}}