{"id":5975,"date":"2024-09-19T15:03:09","date_gmt":"2024-09-19T12:03:09","guid":{"rendered":"https:\/\/petityu.com\/cir2030-elastik-yuvarlak-bebek-cocuk-gunes-gozlugu-yesil-2-6-yas\/"},"modified":"2026-04-10T15:17:21","modified_gmt":"2026-04-10T12:17:21","slug":"cir2030-elastik-yuvarlak-bebek-cocuk-gunes-gozlugu-yesil-2-6-yas","status":"publish","type":"product","link":"https:\/\/petityu.com\/en\/cir2030-elastik-yuvarlak-bebek-cocuk-gunes-gozlugu-yesil-2-6-yas\/","title":{"rendered":"Petityu Elastik Yuvarlak Bebek \u00c7ocuk G\u00fcne\u015f G\u00f6zl\u00fc\u011f\u00fc Ye\u015fil 2-6 Ya\u015f"},"content":{"rendered":"<p><p>ORJINAL. 400 UV korumali KUTULU ve Gozluk kilifli Elastik CE SERTIFIKALI- Test raporlu Petityu kopek logolu CE sign urun uzerinde<\/p><\/p>","protected":false},"excerpt":{"rendered":"<p>ORJINAL. 400 UV korumali KUTULU ve Gozluk kilifli Elastik CE SERTIFIKALI- Test raporlu Petityu kopek logolu CE sign urun uzerinde<\/p>","protected":false},"featured_media":5963,"template":"","meta":[],"product_brand":[],"product_cat":[936,15,993,979,935],"product_tag":[],"class_list":{"0":"post-5975","1":"product","2":"type-product","3":"status-publish","4":"has-post-thumbnail","6":"product_cat-erkekcocuk","7":"product_cat-genel","8":"product_cat-gunes-gozlugu-erkekcocuk","9":"product_cat-gunes-gozlugu","10":"product_cat-kizcocuk","12":"first","13":"instock","14":"taxable","15":"shipping-taxable","16":"purchasable","17":"product-type-simple"},"_links":{"self":[{"href":"https:\/\/petityu.com\/en\/wp-json\/wp\/v2\/product\/5975","targetHints":{"allow":["GET"]}}],"collection":[{"href":"https:\/\/petityu.com\/en\/wp-json\/wp\/v2\/product"}],"about":[{"href":"https:\/\/petityu.com\/en\/wp-json\/wp\/v2\/types\/product"}],"wp:featuredmedia":[{"embeddable":true,"href":"https:\/\/petityu.com\/en\/wp-json\/wp\/v2\/media\/5963"}],"wp:attachment":[{"href":"https:\/\/petityu.com\/en\/wp-json\/wp\/v2\/media?parent=5975"}],"wp:term":[{"taxonomy":"product_brand","embeddable":true,"href":"https:\/\/petityu.com\/en\/wp-json\/wp\/v2\/product_brand?post=5975"},{"taxonomy":"product_cat","embeddable":true,"href":"https:\/\/petityu.com\/en\/wp-json\/wp\/v2\/product_cat?post=5975"},{"taxonomy":"product_tag","embeddable":true,"href":"https:\/\/petityu.com\/en\/wp-json\/wp\/v2\/product_tag?post=5975"}],"curies":[{"name":"wp","href":"https:\/\/api.w.org\/{rel}","templated":true}]}}